{"id":997,"date":"2023-01-24T08:55:12","date_gmt":"2023-01-24T07:55:12","guid":{"rendered":"https:\/\/jgil.me\/?page_id=997"},"modified":"2023-01-28T17:41:19","modified_gmt":"2023-01-28T16:41:19","slug":"aviso-legal","status":"publish","type":"page","link":"https:\/\/agropharm.com\/es\/aviso-legal\/","title":{"rendered":"Aviso legal"},"content":{"rendered":"<p><strong>I.- Titularidad del Portal<\/strong><\/p>\n<p>El presente aviso legal recoge las condiciones generales que regulan el acceso y utilizaci\u00f3n del sitio web que Agropharm\u00ae pone gratuitamente a disposici\u00f3n de los usuarios de Internet a trav\u00e9s del dominio\u00a0<a href=\"https:\/\/agropharm.com\/\">agropharm.com<\/a>.<\/p>\n<p>Agropharm\u00ae es una marca registrada, propiedad de la mercantil Agropharm Projects S.L., con CIF B30927651 y domicilio en C\/ Los Alfareros, 70, 14540, La Rambla, C\u00f3rdoba, inscrita en el Registro Mercantil de C\u00f3rdoba, en el tomo 2832, hoja CO-43306, folio 66, inscripci\u00f3n 2\u00aa.<br \/>\nEl acceso y utilizaci\u00f3n de este sitio web implica la \u00edntegra aceptaci\u00f3n de las presentes condiciones generales en la versi\u00f3n publicada en el momento en que usuario acceda al mismo, sin perjuicio de las condiciones particulares que pudieran aplicarse para determinados y concretos servicios del sitio web.<\/p>\n<p><strong>II.- Condiciones Generales de Uso<\/strong><\/p>\n<p><strong>1.- Pol\u00edtica de privacidad<\/strong><\/p>\n<p>Puede acceder a nuestra pol\u00edtica de privacidad aplicable a su compra online en el siguiente enlace:\u00a0<a href=\"https:\/\/agropharm.com\/politica-de-privacidad\/\">agropharm.com\/politica-de-privacidad\/<\/a><\/p>\n<p><strong>2.- Propiedad intelectual e industrial. Hiperenlaces<\/strong><\/p>\n<p>La propiedad intelectual de los elementos que conforman el presente sitio web, incluyendo su c\u00f3digo fuente, dise\u00f1o, estructura de navegaci\u00f3n, bases de datos y otros recursos expuestos, corresponden a Agropharm\u00ae, bien por gozar de la titularidad de sus derechos de explotaci\u00f3n (reproducci\u00f3n, distribuci\u00f3n, comunicaci\u00f3n p\u00fablica y transformaci\u00f3n) o bien por contar con las licencias de explotaci\u00f3n necesarias para su utilizaci\u00f3n.<\/p>\n<p>Se autoriza la visualizaci\u00f3n, impresi\u00f3n y descarga parcial del contenido del sitio web s\u00f3lo y exclusivamente si concurren las siguientes condiciones:<\/p>\n<ul>\n<li>\u2013 Compatibilidad con los fines del sitio web.<\/li>\n<li>\u2013 \u00c1nimo exclusivo de obtener la informaci\u00f3n para uso\u00a0<strong>personal y privado<\/strong>. Se proh\u00edbe expresamente su utilizaci\u00f3n para fines comerciales, periciales, judiciales o il\u00edcitos.<\/li>\n<li>\u2013 Respeto por los derechos de creador y la integridad de los contenidos del sitio web, prohibi\u00e9ndose expresamente cualquier modificaci\u00f3n de los mismos.<\/li>\n<\/ul>\n<p>Algunas de las im\u00e1genes del sitio web pueden proceder de p\u00e1ginas de terceros o de bancos de im\u00e1genes. Todas ellas son utilizadas de buena fe y se encuentran publicadas<strong>\u00a0al amparo de licencias que permiten su utilizaci\u00f3n comercial de forma gratuita o por haber sido satisfechos los derechos de transmisi\u00f3n y uso<\/strong>. En dichos casos, el autor y la fuente aparecen convenientemente especificados, y se les aplica la licencia especificada en el lugar de origen.<\/p>\n<p>Agropharm Projects SL tambi\u00e9n es titular de los derechos de propiedad industrial referidos a sus productos y servicios. Las referencias hacia productos y servicios de terceros en el sitio web no implican la existencia de derechos o responsabilidad sobre los mismos, ni tampoco respaldo, patrocinio, o recomendaci\u00f3n por parte de la marca, salvo que as\u00ed se haga constar de forma expresa.<\/p>\n<p>La utilizaci\u00f3n no autorizada de la informaci\u00f3n contenida en el sitio web, su reventa, as\u00ed como la infracci\u00f3n de los derechos de propiedad intelectual o industrial de Agropharm\u00ae o de terceros, dar\u00e1 lugar a las responsabilidades legalmente establecidas.<\/p>\n<p>No se podr\u00e1 establecer ning\u00fan v\u00ednculo al Portal desde cualquier otra web sin el previo y expreso consentimiento del propietario de la marca Agropharm\u00ae.<\/p>\n<p><strong>3.- Modificaciones<\/strong><\/p>\n<p>Con el fin de mejorar las prestaciones del sitio web, Agropharm\u00ae se reserva la facultad de efectuar en cualquier momento y sin necesidad de previo aviso, modificaciones y actualizaciones de la informaci\u00f3n contenida en el sitio web, de la configuraci\u00f3n y dise\u00f1o de \u00e9ste as\u00ed como del presente aviso legal o de cualesquiera otras condiciones particulares.<\/p>\n<p><strong>4.- Exenci\u00f3n de Responsabilidad<\/strong><\/p>\n<p>Agropharm\u00ae, no garantiza la inexistencia de interrupciones o errores en el acceso al sitio web o a su contenido, si bien se compromete a llevar a cabo con la mayor diligencia y salvo casos de fuerza mayor, todas aquellas labores tendentes a subsanar los errores, actualizaciones y restablecimiento de la comunicaci\u00f3n.<\/p>\n<p>La empresa propietaria del sitio web, no asume responsabilidad alguna derivada de los contenidos, informaciones o servicios enlazados desde el mismo, ni garantiza la ausencia de virus u otros elementos en los mismos que puedan producir alteraciones en el sistema inform\u00e1tico (hardware y software), en los documentos o los ficheros del usuario, excluyendo cualquier responsabilidad por los da\u00f1os de cualquier clase causados al usuario por este motivo. Se informa al Usuario de que las comunicaciones a trav\u00e9s de redes abiertas no son seguras. Es su responsabilidad adoptar todas las medidas t\u00e9cnicas adecuadas para controlar razonablemente estos riesgos y evitar da\u00f1os en sus equipos, p\u00e9rdida de datos y robo de informaci\u00f3n confidencial. A estos efectos, debe tener sistemas actualizados de detecci\u00f3n de software malicioso, tales como virus, troyanos, etc., as\u00ed como tener actualizados los parches de seguridad de los correspondientes navegadores que utilice. Para m\u00e1s informaci\u00f3n puede acudir a su Proveedor de Servicios de Acceso a Internet que podr\u00e1 facilitarle m\u00e1s informaci\u00f3n.<\/p>\n<p>La conexi\u00f3n a Internet necesaria para acceder al servicio no es en ning\u00fan caso suministrada por la Empresa propietaria del portal y es responsabilidad del Usuario.<\/p>\n<p>Del mismo modo, los servicios de la sociedad de la informaci\u00f3n ofrecidos en el Portal y no sometidos a contrataci\u00f3n previa son ofrecidos al usuario sin contrapartida alguna y \u00fanicamente conllevan para el usuario la obligaci\u00f3n de cumplir las normas de uso establecidas en este Aviso Legal. Agropharm\u00ae no tiene, por tanto, respecto de estos servicios, obligaci\u00f3n de cumplir determinados niveles de disponibilidad del Portal ni adoptar medidas de seguridad espec\u00edficas. Del mismo modo, la empresa propietaria de la web podr\u00e1 suspender, retirar o cancelar parcial o totalmente los servicios no sometidos a contrataci\u00f3n en cualquier momento y sin necesidad de aviso previo. La previsi\u00f3n anterior no afectar\u00e1 a aquellos servicios que est\u00e1n reservados para usuarios registrados o que son objeto de contrataci\u00f3n previa y que se regir\u00e1n por su condiciones espec\u00edficas.<\/p>\n<p>Agropharm\u00ae no ser\u00e1 responsable del uso que terceros hagan de la informaci\u00f3n publicada en su web, ni tampoco de los da\u00f1os sufridos o p\u00e9rdidas econ\u00f3micas que, de forma directa o indirecta, produzcan o puedan producir perjuicios econ\u00f3micos, materiales o sobre datos, provocados por el uso de dicha informaci\u00f3n.<\/p>\n<p><strong>5.- Participaci\u00f3n de los usuarios. Obligaciones<\/strong><\/p>\n<p>Algunos apartados del sitio web permiten la comunicaci\u00f3n de los usuarios mediante el env\u00edo de textos a trav\u00e9s del formulario habilitado para tal fin. El uso de esta facultad de comunicaci\u00f3n implica el conocimiento y previa aceptaci\u00f3n de las siguientes condiciones:<\/p>\n<ul>\n<li>\u2013 Respetar la legislaci\u00f3n vigente, la moral y buenas costumbres socialmente aceptadas, as\u00ed como el orden p\u00fablico y las presentes condiciones generales de acceso y utilizaci\u00f3n.<\/li>\n<li>\u2013 Remitir \u00fanicamente manifestaciones l\u00edcitas y veraces, ajustadas a las finalidades y objetivos que persigue el formulario de comunicaci\u00f3n.<\/li>\n<li>\u2013 Abstenerse de enviar contenidos o enlaces difamatorios, injuriosos, ofensivos, insultantes, racistas, obscenos, amenazadores o discriminatorios; as\u00ed como comerciales, promocionales o publicitarios.<\/li>\n<\/ul>\n<p>Del mismo modo, los usuarios reconocen:<\/p>\n<ul>\n<li>\u2013 Que Agropharm\u00ae, no se encuentra obligada a responder a las consultas u opiniones remitidas por estos canales, no siendo un medio v\u00e1lido de notificaci\u00f3n, de traslado de informaci\u00f3n o de contrataci\u00f3n y encargo de servicios profesionales.<\/li>\n<li>\u2013 Que Agropharm\u00ae, no garantiza en ning\u00fan caso la recepci\u00f3n de los contenidos enviados por los usuarios, siendo previamente cribados por un filtro antispam y en su caso recepcionados seg\u00fan las disponibilidades del servicio de administraci\u00f3n.<\/li>\n<\/ul>\n<p><strong>6.- Fuero y Jurisdicci\u00f3n<\/strong><\/p>\n<p>Las presentes condiciones generales se rigen por el derecho espa\u00f1ol.<\/p>\n<p>El acceso y utilizaci\u00f3n de la web agropharm.com est\u00e1 condicionada a la\u00a0<strong>expresa y previa renuncia de cualquier fuero o jurisdicci\u00f3n que pudiera corresponderle<\/strong>\u00a0a los usuarios en el ejercicio de derechos dimanados por el uso y contenido del portal web, someti\u00e9ndose expresamente a los juzgados y tribunales de Montilla (Espa\u00f1a) para cualquier controversia que pudiera derivarse de su utilizaci\u00f3n.<\/p>\n<p>Adicionalmente, conforme al art\u00edculo 14.1 del Reglamento 524\/2013 sobre resoluci\u00f3n de litigios en l\u00ednea en materia de consumo, le informamos de la existencia de una plataforma de resoluci\u00f3n de litigios en l\u00ednea facilitada por la Comisi\u00f3n Europea, as\u00ed como de la posibilidad de presentar su reclamaci\u00f3n a trav\u00e9s de la misma accediendo al siguiente enlace:\u00a0<a href=\"https:\/\/ec.europa.eu\/consumers\/odr\/main\/index.cfm?event=main.home.chooseLanguage\" target=\"_blank\" rel=\"noopener\">https:\/\/ec.europa.eu\/consumers\/odr\/main\/index.cfm?event=main.home.chooseLanguage<\/a><\/p>\n<p><strong>III.- Condiciones para la prestaci\u00f3n de Servicios entre Agropharm\u00ae y los Usuarios de su plataforma de comercio online.<\/strong><\/p>\n<p><strong>1._ Condiciones Generales de Contrataci\u00f3n. Informaci\u00f3n previa a la contrataci\u00f3n.<\/strong><\/p>\n<p>Las presentes condiciones generales de contrataci\u00f3n junto con las condiciones particulares que, en su caso, puedan establecerse, regular\u00e1n expresamente las relaciones surgidas entre Agropharm\u00ae y los terceros (en adelante \u00abUsuarios\u00bb) que contraten la prestaci\u00f3n de los servicios o productos ofrecidos a trav\u00e9s del Portal.<\/p>\n<p>Las presentes Condiciones Generales han sido elaboradas de conformidad con lo establecido en la Ley 34\/2002, de servicios de la sociedad de la informaci\u00f3n y comercio electr\u00f3nico, la Ley 7\/1998 sobre Condiciones Generales de Contrataci\u00f3n, la Ley 7\/1996 de Ordenaci\u00f3n del Comercio Minorista, la Ley 59\/2003, de 19 de diciembre de Firma Electr\u00f3nica y cuantas disposiciones legales resulten de aplicaci\u00f3n.<\/p>\n<p>Agropharm\u00ae en su condici\u00f3n de contratista especializada B2B solo vende a empresas promotoras y profesionales, descartando expresamente la aplicaci\u00f3n del Real Decreto Legislativo 1\/2007, de 16 de noviembre, por el que se aprueba el Texto Refundido de la Ley General de Defensa de los Consumidores y Usuarios y otras leyes complementarias.<\/p>\n<p>La utilizaci\u00f3n de cualesquiera de los servicios ofertados en el Portal, suponen la aceptaci\u00f3n como Usuario, sin reservas de ninguna clase, a todas y cada una de las Condiciones Generales de Contrataci\u00f3n, de las Condiciones Generales de Utilizaci\u00f3n del Portal as\u00ed como en su caso, a las Condiciones Particulares que, en su caso rijan la adquisici\u00f3n.<\/p>\n<p>Agropharm\u00ae, informa que no se remiten presupuestos ni se aceptan ofertas, descart\u00e1ndose la contrataci\u00f3n o prestaci\u00f3n de servicios por medio de la presente web, que \u00fanicamente tiene car\u00e1cter informativo.<\/p>\n","protected":false},"excerpt":{"rendered":"<p>I.- Titularidad del Portal El presente aviso legal recoge las condiciones generales que regulan el acceso y utilizaci\u00f3n del sitio web que Agropharm\u00ae pone gratuitamente a disposici\u00f3n de los usuarios de Internet a trav\u00e9s del dominio\u00a0agropharm.com. Agropharm\u00ae es una marca registrada, propiedad de la mercantil Agropharm Projects S.L., con CIF B30927651 y domicilio en C\/ [&hellip;]<\/p>\n","protected":false},"author":3,"featured_media":0,"parent":0,"menu_order":0,"comment_status":"closed","ping_status":"closed","template":"","meta":{"_et_pb_use_builder":"","_et_pb_old_content":"","_et_gb_content_width":"","footnotes":""},"class_list":["post-997","page","type-page","status-publish","hentry"],"_links":{"self":[{"href":"https:\/\/agropharm.com\/es\/wp-json\/wp\/v2\/pages\/997","targetHints":{"allow":["GET"]}}],"collection":[{"href":"https:\/\/agropharm.com\/es\/wp-json\/wp\/v2\/pages"}],"about":[{"href":"https:\/\/agropharm.com\/es\/wp-json\/wp\/v2\/types\/page"}],"author":[{"embeddable":true,"href":"https:\/\/agropharm.com\/es\/wp-json\/wp\/v2\/users\/3"}],"replies":[{"embeddable":true,"href":"https:\/\/agropharm.com\/es\/wp-json\/wp\/v2\/comments?post=997"}],"version-history":[{"count":2,"href":"https:\/\/agropharm.com\/es\/wp-json\/wp\/v2\/pages\/997\/revisions"}],"predecessor-version":[{"id":1070,"href":"https:\/\/agropharm.com\/es\/wp-json\/wp\/v2\/pages\/997\/revisions\/1070"}],"wp:attachment":[{"href":"https:\/\/agropharm.com\/es\/wp-json\/wp\/v2\/media?parent=997"}],"curies":[{"name":"wp","href":"https:\/\/api.w.org\/{rel}","templated":true}]}}