{"id":991,"date":"2023-01-19T17:43:57","date_gmt":"2023-01-19T16:43:57","guid":{"rendered":"https:\/\/jgil.me\/?page_id=991"},"modified":"2024-10-30T13:07:37","modified_gmt":"2024-10-30T12:07:37","slug":"mantenimiento-y-reforma","status":"publish","type":"page","link":"https:\/\/agropharm.com\/es\/mantenimiento-y-reforma\/","title":{"rendered":"Mantenimiento y reforma"},"content":{"rendered":"<p>[et_pb_section fb_built=\u00bb1&#8243; _builder_version=\u00bb4.19.4&#8243; _module_preset=\u00bbdefault\u00bb global_colors_info=\u00bb{}\u00bb][et_pb_row _builder_version=\u00bb4.19.4&#8243; _module_preset=\u00bbdefault\u00bb global_colors_info=\u00bb{}\u00bb][et_pb_column type=\u00bb4_4&#8243; _builder_version=\u00bb4.19.4&#8243; _module_preset=\u00bbdefault\u00bb global_colors_info=\u00bb{}\u00bb][et_pb_text _builder_version=\u00bb4.19.4&#8243; _module_preset=\u00bbdefault\u00bb text_text_color=\u00bb#000000&#8243; text_font_size=\u00bb18px\u00bb header_2_font=\u00bb|700|||||||\u00bb header_2_text_color=\u00bb#4a9b60&#8243; header_2_font_size=\u00bb40px\u00bb global_colors_info=\u00bb{}\u00bb]<\/p>\n<h2 style=\"text-align: center;\">Mantenimiento y reforma<\/h2>\n<p style=\"text-align: center;\">Una vez entregado el proyecto llave en mano continuamos nuestros servicios para el cliente. Con el asesoramiento permanente de forma presencial o telem\u00e1tica.<\/p>\n<p>&nbsp;<\/p>\n<p>[\/et_pb_text][\/et_pb_column][\/et_pb_row][et_pb_row column_structure=\u00bb1_2,1_2&#8243; use_custom_gutter=\u00bbon\u00bb make_equal=\u00bbon\u00bb _builder_version=\u00bb4.19.4&#8243; _module_preset=\u00bbdefault\u00bb custom_css_main_element=\u00bbalign-items: center;\u00bb global_colors_info=\u00bb{}\u00bb][et_pb_column type=\u00bb1_2&#8243; _builder_version=\u00bb4.19.4&#8243; _module_preset=\u00bbdefault\u00bb global_colors_info=\u00bb{}\u00bb][et_pb_text _builder_version=\u00bb4.19.4&#8243; _module_preset=\u00bbdefault\u00bb text_text_color=\u00bb#000000&#8243; text_font_size=\u00bb15px\u00bb header_4_font=\u00bb|700|||||||\u00bb header_4_text_color=\u00bb#4a9b60&#8243; header_4_font_size=\u00bb26px\u00bb header_5_font=\u00bb|600|||||||\u00bb header_5_text_color=\u00bb#000000&#8243; header_5_line_height=\u00bb1.7em\u00bb global_colors_info=\u00bb{}\u00bb]<\/p>\n<h4>Acompa\u00f1amiento y posventa<\/h4>\n<h5><strong>Atenci\u00f3n t\u00e9cnica<\/strong><\/h5>\n<p>Desde la finalizaci\u00f3n de las obras y puesta en marcha de la plantaci\u00f3n, nuestros especialistas est\u00e1n a disposici\u00f3n del cliente para asegurar el correcto funcionamiento de las instalaciones.<\/p>\n<h5><strong>Mejoras y reformas<\/strong><\/h5>\n<p>Por otro lado, adem\u00e1s de supervisar el adecuado mantenimiento de equipos y maquinaria, nuestro equipo t\u00e9cnico implementar\u00e1 las posibles mejoras y reformas a realizar en el proyecto.<\/p>\n<h5><strong>Formaci\u00f3n especializada<\/strong><\/h5>\n<p>Finalmente, para el \u00f3ptimo funcionamiento y conservaci\u00f3n de las instalaciones en los futuros ejercicios, en Agropharm tenemos el compromiso de capacitar a t\u00e9cnicos y a operarios locales con los conocimientos y habilidades requeridas para desempe\u00f1ar sus funciones.<\/p>\n<p>[\/et_pb_text][\/et_pb_column][et_pb_column type=\u00bb1_2&#8243; _builder_version=\u00bb4.19.4&#8243; _module_preset=\u00bbdefault\u00bb global_colors_info=\u00bb{}\u00bb][et_pb_image src=\u00bbhttps:\/\/agropharm.com\/wp-content\/uploads\/2023\/01\/maintenance-and-renovation-of-facilities-agropharm-scaled-1.webp\u00bb title_text=\u00bbmaintenance-and-renovation-of-facilities-agropharm-scaled\u00bb _builder_version=\u00bb4.20.2&#8243; _module_preset=\u00bbdefault\u00bb global_colors_info=\u00bb{}\u00bb][\/et_pb_image][\/et_pb_column][\/et_pb_row][\/et_pb_section][et_pb_section fb_built=\u00bb1&#8243; _builder_version=\u00bb4.19.4&#8243; _module_preset=\u00bbdefault\u00bb background_color=\u00bb#357145&#8243; custom_padding=\u00bb0px||0px|||\u00bb global_module=\u00bb566&#8243; global_colors_info=\u00bb{}\u00bb][et_pb_row _builder_version=\u00bb4.19.4&#8243; _module_preset=\u00bbdefault\u00bb global_colors_info=\u00bb{}\u00bb][et_pb_column type=\u00bb4_4&#8243; _builder_version=\u00bb4.19.4&#8243; _module_preset=\u00bbdefault\u00bb global_colors_info=\u00bb{}\u00bb][et_pb_cta title=\u00bbContacta ahora con nuestros t\u00e9cnicos\u00bb button_url=\u00bb@ET-DC@eyJkeW5hbWljIjp0cnVlLCJjb250ZW50IjoicG9zdF9saW5rX3VybF9wYWdlIiwic2V0dGluZ3MiOnsicG9zdF9pZCI6IjQzIn19@\u00bb button_text=\u00bbContactar\u00bb _builder_version=\u00bb4.19.4&#8243; _dynamic_attributes=\u00bbbutton_url\u00bb _module_preset=\u00bbdefault\u00bb header_font=\u00bb|700|||||||\u00bb header_text_align=\u00bbcenter\u00bb header_text_color=\u00bb#FFFFFF\u00bb header_font_size=\u00bb40px\u00bb background_enable_color=\u00bboff\u00bb custom_button=\u00bbon\u00bb button_text_color=\u00bb#000000&#8243; button_bg_color=\u00bb#aad922&#8243; button_border_color=\u00bbRGBA(255,255,255,0)\u00bb button_border_radius=\u00bb10px\u00bb button_font=\u00bb|700|||||||\u00bb body_text_shadow_style=\u00bbpreset3&#8243; global_colors_info=\u00bb{}\u00bb][\/et_pb_cta][\/et_pb_column][\/et_pb_row][\/et_pb_section]<\/p>\n","protected":false},"excerpt":{"rendered":"<p>Mantenimiento y reforma Una vez entregado el proyecto llave en mano continuamos nuestros servicios para el cliente. Con el asesoramiento permanente de forma presencial o telem\u00e1tica. &nbsp;Acompa\u00f1amiento y posventa Atenci\u00f3n t\u00e9cnica Desde la finalizaci\u00f3n de las obras y puesta en marcha de la plantaci\u00f3n, nuestros especialistas est\u00e1n a disposici\u00f3n del cliente para asegurar el correcto [&hellip;]<\/p>\n","protected":false},"author":3,"featured_media":0,"parent":0,"menu_order":2,"comment_status":"closed","ping_status":"closed","template":"","meta":{"_et_pb_use_builder":"on","_et_pb_old_content":"","_et_gb_content_width":"","footnotes":""},"class_list":["post-991","page","type-page","status-publish","hentry"],"_links":{"self":[{"href":"https:\/\/agropharm.com\/es\/wp-json\/wp\/v2\/pages\/991","targetHints":{"allow":["GET"]}}],"collection":[{"href":"https:\/\/agropharm.com\/es\/wp-json\/wp\/v2\/pages"}],"about":[{"href":"https:\/\/agropharm.com\/es\/wp-json\/wp\/v2\/types\/page"}],"author":[{"embeddable":true,"href":"https:\/\/agropharm.com\/es\/wp-json\/wp\/v2\/users\/3"}],"replies":[{"embeddable":true,"href":"https:\/\/agropharm.com\/es\/wp-json\/wp\/v2\/comments?post=991"}],"version-history":[{"count":6,"href":"https:\/\/agropharm.com\/es\/wp-json\/wp\/v2\/pages\/991\/revisions"}],"predecessor-version":[{"id":3548,"href":"https:\/\/agropharm.com\/es\/wp-json\/wp\/v2\/pages\/991\/revisions\/3548"}],"wp:attachment":[{"href":"https:\/\/agropharm.com\/es\/wp-json\/wp\/v2\/media?parent=991"}],"curies":[{"name":"wp","href":"https:\/\/api.w.org\/{rel}","templated":true}]}}