{"id":981,"date":"2023-01-24T08:44:35","date_gmt":"2023-01-24T07:44:35","guid":{"rendered":"https:\/\/jgil.me\/?page_id=981"},"modified":"2023-01-28T13:53:19","modified_gmt":"2023-01-28T12:53:19","slug":"politica-de-cookies","status":"publish","type":"page","link":"https:\/\/agropharm.com\/es\/politica-de-cookies\/","title":{"rendered":"Pol\u00edtica de cookies"},"content":{"rendered":"<ol>\n<li><strong>\u00bfQu\u00e9 son las cookies?<\/strong><br \/>\nUna cookie es un fichero que se descarga en el terminal con el que est\u00e1 navegando cuando accede a nuestra p\u00e1gina web. Las cookies permiten a la p\u00e1gina web, entre otras cosas, almacenar y recuperar informaci\u00f3n sobre su visita y sobre sus h\u00e1bitos de navegaci\u00f3n, y, dependiendo de la informaci\u00f3n que contengan y de la forma en que utilice su terminal, pueden utilizarse para reconocer al usuario; todo ello con el fin de facilitar su pr\u00f3xima visita y realizar un uso m\u00e1s eficiente de nuestra p\u00e1gina web. Las cookies desempe\u00f1an un papel muy importante y contribuyen a tener una mejor experiencia de navegaci\u00f3n para el usuario.<br \/>\nPara obtener m\u00e1s informaci\u00f3n acerca de las cookies visite www.allaboutcookies.org<\/li>\n<li><b>Finalidad de las cookies<\/b>Las cookies se utilizan para captar informaci\u00f3n sobre la navegaci\u00f3n del Usuario para, mediante el an\u00e1lisis de la misma, averiguar c\u00f3mo el Usuario interact\u00faa con\u00a0agropharm.com, y as\u00ed optimizar la experiencia de su navegaci\u00f3n.<\/li>\n<li><strong>Tipos de cookies<\/strong><br \/>\nA continuaci\u00f3n, se realiza una clasificaci\u00f3n de las cookies en funci\u00f3n de una serie de categor\u00edas. No obstante, es necesario tener en cuenta que una misma cookie puede estar incluida en m\u00e1s de una categor\u00eda.<\/li>\n<\/ol>\n<p><strong>1. Tipos de cookies seg\u00fan la entidad que las gestione:<\/strong><\/p>\n<p>Seg\u00fan quien sea la entidad que gestione el equipo o dominio desde donde se env\u00edan las cookies y trate los datos que se obtengan, podemos distinguir:<\/p>\n<p>\u2013\u00a0<strong>Cookies propias<\/strong>: Son aqu\u00e9llas que se env\u00edan al equipo terminal del usuario desde un equipo o dominio gestionado por el propio editor y desde el que se presta el servicio solicitado por el usuario.<br \/>\n\u2013\u00a0<strong>Cookies de tercero<\/strong>: Son aqu\u00e9llas que se env\u00edan al equipo terminal del usuario desde un equipo o dominio que no es gestionado por el editor, sino por otra entidad que trata los datos obtenidos trav\u00e9s de las cookies.<\/p>\n<p>En el caso de que las cookies sean instaladas desde un equipo o dominio gestionado por el propio editor, pero la informaci\u00f3n que se recoja mediante \u00e9stas sea gestionada por un tercero, no pueden ser consideradas como cookies propias.<\/p>\n<p><strong>2. Tipos de cookies seg\u00fan el plazo de tiempo que permanecen activadas<\/strong><\/p>\n<p>Seg\u00fan el plazo de tiempo que permanecen activadas en el equipo terminal podemos distinguir:<\/p>\n<p>\u2013\u00a0<strong>Cookies de sesi\u00f3n<\/strong>: Son un tipo de cookies dise\u00f1adas para recabar y almacenar datos mientras el usuario accede a una p\u00e1gina web.<br \/>\nSe suelen emplear para almacenar informaci\u00f3n que solo interesa conservar para la prestaci\u00f3n del servicio solicitado por el usuario en una sola ocasi\u00f3n (vgr. La compra de un producto).<br \/>\n\u2013\u00a0<strong>Cookies persistentes<\/strong>: Son un tipo de cookies en el que los datos siguen almacenados en el terminal y pueden ser accedidos y tratados durante un periodo definido por el responsable de la cookie, pudiendo ir de unos minutos a varios a\u00f1os.<\/p>\n<p><strong>3. Tipos de cookies seg\u00fan su finalidad<\/strong><br \/>\nSeg\u00fan la finalidad para la que se traten los datos obtenidos a trav\u00e9s de las cookies, podemos distinguir entre:<br \/>\n\u2013\u00a0<strong>Cookies t\u00e9cnicas<\/strong>: Son aqu\u00e9llas que permiten al usuario la navegaci\u00f3n a trav\u00e9s de una p\u00e1gina web, plataforma o aplicaci\u00f3n y la utilizaci\u00f3n de las diferentes opciones o servicios que en ella existan como, por ejemplo, controlar el tr\u00e1fico y la comunicaci\u00f3n de datos, identificar la sesi\u00f3n, acceder a partes de acceso restringido, recordar los elementos que integran un pedido, realizar el proceso de compra de un pedido, realizar la solicitud de inscripci\u00f3n o participaci\u00f3n en un evento, utilizar elementos de seguridad durante la navegaci\u00f3n, almacenar contenidos para la difusi\u00f3n de videos o sonido o compartir contenidos a trav\u00e9s de redes sociales.<br \/>\n\u2013\u00a0<strong>Cookies de personalizaci\u00f3n<\/strong>: Son aqu\u00e9llas que permiten al usuario acceder al servicio con algunas caracter\u00edsticas de car\u00e1cter general predefinidas en funci\u00f3n de una serie de criterios en el terminal del usuario como por ejemplo serian el idioma, el tipo de navegador a trav\u00e9s del cual accede al servicio, la configuraci\u00f3n regional desde donde accede al servicio, etc.<br \/>\n\u2013\u00a0<strong>Cookies de an\u00e1lisis<\/strong>: Son aqu\u00e9llas que permiten al responsable de las mismas, el seguimiento y an\u00e1lisis del comportamiento de los usuarios de los sitios web a los que est\u00e1n vinculadas. La informaci\u00f3n recogida mediante este tipo de cookies se utiliza en la medici\u00f3n de la actividad de los sitios web, aplicaci\u00f3n o plataforma y para la elaboraci\u00f3n de perfiles de navegaci\u00f3n de los usuarios de dichos sitios, aplicaciones y plataformas, con el fin de introducir mejoras en funci\u00f3n del an\u00e1lisis de los datos de uso que hacen los usuarios del servicio.<br \/>\n\u2013\u00a0<strong>Cookies publicitarias<\/strong>: Son aqu\u00e9llas que permiten la gesti\u00f3n, de la forma m\u00e1s eficaz posible, de los espacios publicitarios que, en su caso, el editor haya incluido en una p\u00e1gina web, aplicaci\u00f3n o plataforma desde la que presta el servicio solicitado en base a criterios como el contenido editado o la frecuencia en la que se muestran los anuncios.<br \/>\n\u2013\u00a0<strong>Cookies de publicidad comportamental<\/strong>: Son aqu\u00e9llas que permiten la gesti\u00f3n, de la forma m\u00e1s eficaz posible, de los espacios publicitarios que, en su caso, el editor haya incluido en una p\u00e1gina web, aplicaci\u00f3n o plataforma desde la que presta el servicio solicitado. Estas cookies almacenan informaci\u00f3n del comportamiento de los usuarios obtenida a trav\u00e9s de la observaci\u00f3n continuada de sus h\u00e1bitos de navegaci\u00f3n, lo que permite desarrollar un perfil espec\u00edfico para mostrar publicidad en funci\u00f3n del mismo.<\/p>\n<p><strong>Cookies utilizadas en la web de Agropharm\u00ae<\/strong><\/p>\n<p>&nbsp;<\/p>\n<table>\n<tbody>\n<tr>\n<td>Nombre<\/td>\n<td>Tipo<\/td>\n<td>Duraci\u00f3n<\/td>\n<td>Finalidad<\/td>\n<\/tr>\n<tr>\n<td>__stripe_mid<\/td>\n<td>Terceros<\/td>\n<td>1 a\u00f1o<\/td>\n<td>Prevenci\u00f3n de fraude<\/td>\n<\/tr>\n<tr>\n<td>__stripe_sid<\/td>\n<td>Terceros<\/td>\n<td>30 minutos<\/td>\n<td>Prevenci\u00f3n de fraude<\/td>\n<\/tr>\n<tr>\n<td>_ga<\/td>\n<td>Terceros<\/td>\n<td>2 a\u00f1os<\/td>\n<td>Identificaci\u00f3n de usuarios.<\/td>\n<\/tr>\n<tr>\n<td>_ga_2JFEF8YMR2<\/td>\n<td>Terceros<\/td>\n<td>2 a\u00f1o<\/td>\n<td>Identificaci\u00f3n de usuarios.<\/td>\n<\/tr>\n<tr>\n<td>token<\/td>\n<td>Propia<\/td>\n<td>1 a\u00f1o<\/td>\n<td>Identificaci\u00f3n de usuarios.<\/td>\n<\/tr>\n<tr>\n<td>carrito<\/td>\n<td>Propia<\/td>\n<td>1 a\u00f1o<\/td>\n<td>Identificaci\u00f3n de usuarios.<\/td>\n<\/tr>\n<tr>\n<td>Banner347<\/td>\n<td>Propia<\/td>\n<td>1 a\u00f1o<\/td>\n<td>Identificaci\u00f3n de usuarios.<\/td>\n<\/tr>\n<tr>\n<td>CookieConsent<\/td>\n<td>Propia<\/td>\n<td>1 a\u00f1o<\/td>\n<td>Identificaci\u00f3n de usuarios.<\/td>\n<\/tr>\n<\/tbody>\n<\/table>\n<p>A continuaci\u00f3n, se identifican las cookies que est\u00e1n siendo utilizadas, as\u00ed como su tipolog\u00eda y funci\u00f3n:<\/p>\n<p>La p\u00e1gina web de\u00a0<strong>Agropharm<\/strong>\u00a0utiliza\u00a0<strong>Google Analytics<\/strong>, un servicio de anal\u00edtica web desarrollada por Google, que permite la medici\u00f3n y an\u00e1lisis de la navegaci\u00f3n en las p\u00e1ginas web. En su terminal podr\u00e1 observar cookies de este servicio. Seg\u00fan la tipolog\u00eda anterior se trata de<strong>\u00a0cookies propias, de sesi\u00f3n y de an\u00e1lisis<\/strong>.<\/p>\n<p>A trav\u00e9s de la anal\u00edtica web se obtiene informaci\u00f3n relativa al n\u00famero de usuarios que acceden a la web, el n\u00famero de p\u00e1ginas vistas, la frecuencia y repetici\u00f3n de las visitas, su duraci\u00f3n, el navegador utilizado, el operador que presta el servicio, el idioma, el terminal que utiliza y la ciudad a la que est\u00e1 asignada su direcci\u00f3n IP. Informaci\u00f3n que posibilita un mejor y m\u00e1s apropiado servicio por parte de esta p\u00e1gina.<\/p>\n<p>Para garantizar el anonimato, Google convertir\u00e1 su informaci\u00f3n en an\u00f3nima truncando la direcci\u00f3n IP antes de almacenarla, de forma que\u00a0<strong>Google Analytics<\/strong>\u00a0no se usa para localizar o recabar informaci\u00f3n personal identificable de los visitantes del sitio. Google solo podr\u00e1 enviar la informaci\u00f3n recabada por\u00a0<strong>Google Analytics<\/strong>\u00a0a terceros cuanto est\u00e9 legalmente obligado a ello. Con arreglo a las condiciones de prestaci\u00f3n del servicio de\u00a0<strong>Google Analytics<\/strong>, Google no asociar\u00e1 su direcci\u00f3n IP a ning\u00fan otro dato conservado por Google.<\/p>\n<p>Las cookies que utilizamos son:<\/p>\n<ul>\n<li><strong>Cookies de an\u00e1lisis (Google Analytics)<\/strong>: Permiten el seguimiento y an\u00e1lisis del comportamiento del Usuario con el fin de introducir mejoras en funci\u00f3n del uso que hace el Usuario del Sitio Web y de los servicios. Seg\u00fan se\u00f1ala Google, Google Analytics es una herramienta gratuita de an\u00e1lisis de sitio web de Google que principalmente permite que los propietarios de sitios web conozcan c\u00f3mo interact\u00faan los Usuarios con su sitio web. Asimismo, habilita cookies en el dominio del sitio en el que te encuentras y utiliza un conjunto de cookies denominadas \u201c__utma\u201d y \u201c__utmz\u201d para recopilar informaci\u00f3n de forma an\u00f3nima y elaborar informes de tendencias de sitios web sin identificar a usuarios individuales.<\/li>\n<li><strong>Cookies de an\u00e1lisis (Scorecardresearch)<\/strong>: Permiten el seguimiento y an\u00e1lisis del Usuario con el fin de introducir mejoras en funci\u00f3n del uso que hace el Usuario del Sitio Web y de los servicios. Recopila informaci\u00f3n an\u00f3nima sobre h\u00e1bitos de navegaci\u00f3n.<\/li>\n<li><strong>Cookies t\u00e9cnicas<\/strong>: Permiten al usuario la navegaci\u00f3n a trav\u00e9s de la p\u00e1gina web y la utilizaci\u00f3n de sus diferentes opciones o servicios.<\/li>\n<\/ul>\n<p>Adem\u00e1s, para presentar en gr\u00e1ficas los datos que recopila\u00a0<strong>Google Analytics<\/strong>\u00a0utilizamos\u00a0<strong>Google Data Studio<\/strong>, una herramienta de visualizaci\u00f3n que no instala cookies ni recopila datos personales de usuarios, se inicia a trav\u00e9s de la web y no necesita aplicaciones locales.<\/p>\n<p><strong>4. Cookies de terceros<\/strong><\/p>\n<p>Las cookies que utilizamos son:<\/p>\n<ul>\n<li><strong>Cookies de an\u00e1lisis (Google Analytics):<\/strong>\u00a0Concretamente las cookies utilizadas son:<br \/>\n_atuvc<br \/>\n_utmz<br \/>\n_utmb<br \/>\n_utma<br \/>\n_utmc<\/li>\n<\/ul>\n<p>M\u00e1s informaci\u00f3n sobre Google Analytics en: https:\/\/developers.google.com\/analytics\/devguides\/collection\/analyticsjs\/cookie-usage<\/p>\n<ul>\n<li><strong>Cookies generales:<\/strong>\u00a0utiliza las siguientes cookies:<br \/>\nAUTH_KEY<br \/>\nSECURE_AUTH_KEY<br \/>\nLOGGED_IN_KEY<br \/>\nNONCE_KEY<\/li>\n<li><strong>Cookies temporales<\/strong>: utiliza las siguientes cookies:<br \/>\ncomment_author<br \/>\ncomment_author_email<br \/>\ncomment_author_url<\/li>\n<\/ul>\n<p><strong>5. Desactivar las cookies<\/strong><br \/>\nLos Usuarios pueden rechazar la posibilidad de que utilicemos las cookies en su equipo mediante la configuraci\u00f3n de su navegador, pero ello comportar\u00e1 una experiencia de navegaci\u00f3n menos satisfactoria que incluso puede llegar a ser defectuosa.<\/p>\n<p>Se puede configurar el navegador para rechazar o aceptar las cookies, o configurar el navegador para que estas cookies se borren autom\u00e1ticamente una vez que se cierre el navegador, equipo o dispositivo. La configuraci\u00f3n de las cookies en los navegadores se realiza de la siguiente manera:<\/p>\n<ul>\n<li>Google Chrome en Configuraci\u00f3n&gt;Privacidad&gt;Configuraci\u00f3n de contenido&gt;Cookies<\/li>\n<li>Firefox en Preferencias&gt;Privacidad<\/li>\n<li>Internet Explorer en Herramientas&gt;Opciones de Internet&gt;Privacidad&gt;Avanzada<\/li>\n<li>Safari en Preferencias&gt;Privacidad<\/li>\n<\/ul>\n<p>Al acceder a este Sitio Web por primera vez, sin tener cookies de este Sitio Web, ver\u00e1 una ventana donde se le informa de la utilizaci\u00f3n de las cookies y donde puede consultar la presente \u201cInformaci\u00f3n cookies\u201d. Al navegar por este Sitio Web, usted acepta la presente Pol\u00edtica de cookies.<\/p>\n<p>Adem\u00e1s del uso de las cookies de Agropharm\u00ae, en el sitio Web permitimos a terceros establecer cookies y acceder a ellas desde su equipo. El uso de las cookies de terceros est\u00e1 sujeto a sus propias pol\u00edticas de privacidad, en ning\u00fan caso a la pol\u00edtica de privacidad de Agropharm\u00ae.<\/p>\n<p>Si usted no desea que los datos sobre su sesi\u00f3n sean recopilados por este sitio web, modifique las opciones de seguridad y privacidad de su navegador, como indicamos al inicio de este apartado 5 de la presente pol\u00edtica de cookies.<\/p>\n","protected":false},"excerpt":{"rendered":"<p>\u00bfQu\u00e9 son las cookies? Una cookie es un fichero que se descarga en el terminal con el que est\u00e1 navegando cuando accede a nuestra p\u00e1gina web. Las cookies permiten a la p\u00e1gina web, entre otras cosas, almacenar y recuperar informaci\u00f3n sobre su visita y sobre sus h\u00e1bitos de navegaci\u00f3n, y, dependiendo de la informaci\u00f3n que [&hellip;]<\/p>\n","protected":false},"author":3,"featured_media":0,"parent":0,"menu_order":0,"comment_status":"closed","ping_status":"closed","template":"","meta":{"_et_pb_use_builder":"","_et_pb_old_content":"","_et_gb_content_width":"","footnotes":""},"class_list":["post-981","page","type-page","status-publish","hentry"],"_links":{"self":[{"href":"https:\/\/agropharm.com\/es\/wp-json\/wp\/v2\/pages\/981","targetHints":{"allow":["GET"]}}],"collection":[{"href":"https:\/\/agropharm.com\/es\/wp-json\/wp\/v2\/pages"}],"about":[{"href":"https:\/\/agropharm.com\/es\/wp-json\/wp\/v2\/types\/page"}],"author":[{"embeddable":true,"href":"https:\/\/agropharm.com\/es\/wp-json\/wp\/v2\/users\/3"}],"replies":[{"embeddable":true,"href":"https:\/\/agropharm.com\/es\/wp-json\/wp\/v2\/comments?post=981"}],"version-history":[{"count":3,"href":"https:\/\/agropharm.com\/es\/wp-json\/wp\/v2\/pages\/981\/revisions"}],"predecessor-version":[{"id":1011,"href":"https:\/\/agropharm.com\/es\/wp-json\/wp\/v2\/pages\/981\/revisions\/1011"}],"wp:attachment":[{"href":"https:\/\/agropharm.com\/es\/wp-json\/wp\/v2\/media?parent=981"}],"curies":[{"name":"wp","href":"https:\/\/api.w.org\/{rel}","templated":true}]}}