{"id":3616,"date":"2024-10-30T15:20:09","date_gmt":"2024-10-30T14:20:09","guid":{"rendered":"https:\/\/agropharm.com\/?page_id=3616"},"modified":"2025-06-11T13:05:33","modified_gmt":"2025-06-11T11:05:33","slug":"agronomico","status":"publish","type":"page","link":"https:\/\/agropharm.com\/es\/agronomico\/","title":{"rendered":"Agronomico"},"content":{"rendered":"<p>[et_pb_section fb_built=\u00bb1&#8243; admin_label=\u00bbsection\u00bb _builder_version=\u00bb4.16&#8243; width=\u00bb100%\u00bb custom_padding=\u00bb0px||4px|||\u00bb global_colors_info=\u00bb{}\u00bb][\/et_pb_section][et_pb_section fb_built=\u00bb1&#8243; disabled_on=\u00bbon|off|off\u00bb admin_label=\u00bbsection\u00bb _builder_version=\u00bb4.20.2&#8243; background_color=\u00bbRGBA(255,255,255,0)\u00bb width=\u00bb100%\u00bb custom_margin=\u00bb0px||||false|false\u00bb custom_padding=\u00bb0px||4px|||\u00bb global_colors_info=\u00bb{}\u00bb][et_pb_row column_structure=\u00bb1_2,1_2&#8243; _builder_version=\u00bb4.20.2&#8243; _module_preset=\u00bbdefault\u00bb custom_margin=\u00bb0px||||false|false\u00bb custom_padding=\u00bb0px||||false|false\u00bb global_colors_info=\u00bb{}\u00bb][et_pb_column type=\u00bb1_2&#8243; _builder_version=\u00bb4.20.2&#8243; _module_preset=\u00bbdefault\u00bb global_colors_info=\u00bb{}\u00bb][et_pb_text _builder_version=\u00bb4.20.2&#8243; _module_preset=\u00bbdefault\u00bb text_font=\u00bbSource Sans Pro|900|||||||\u00bb text_text_color=\u00bb#000000&#8243; text_font_size=\u00bb32px\u00bb text_line_height=\u00bb1em\u00bb text_orientation=\u00bbright\u00bb custom_margin=\u00bb126px||||false|false\u00bb global_colors_info=\u00bb{}\u00bb]<\/p>\n<p>Asesoramiento Legal y Agron\u00f3mico<\/p>\n<p>[\/et_pb_text][et_pb_text _builder_version=\u00bb4.20.2&#8243; _module_preset=\u00bbdefault\u00bb text_font=\u00bbSource Sans Pro||||||||\u00bb text_text_color=\u00bb#000000&#8243; text_font_size=\u00bb20px\u00bb text_orientation=\u00bbright\u00bb custom_margin=\u00bb-21px||-22px||false|false\u00bb custom_padding=\u00bb||7px||false|false\u00bb global_colors_info=\u00bb{}\u00bb]<\/p>\n<p>M\u00e1s de 20 a\u00f1os de experiencia en el asesoramiento, mejora y consultor\u00eda t\u00e9cnica en cultivos de alto rendimiento<\/p>\n<p>[\/et_pb_text][\/et_pb_column][et_pb_column type=\u00bb1_2&#8243; _builder_version=\u00bb4.20.2&#8243; _module_preset=\u00bbdefault\u00bb global_colors_info=\u00bb{}\u00bb][et_pb_image src=\u00bbhttps:\/\/agropharm.com\/wp-content\/uploads\/2023\/08\/Asesoramiento_Image_1.png\u00bb title_text=\u00bbAsesoramiento_Image_1&#8243; _builder_version=\u00bb4.20.2&#8243; _module_preset=\u00bbdefault\u00bb width=\u00bb72%\u00bb custom_margin=\u00bb||0px||false|false\u00bb global_colors_info=\u00bb{}\u00bb][\/et_pb_image][\/et_pb_column][\/et_pb_row][\/et_pb_section][et_pb_section fb_built=\u00bb1&#8243; disabled_on=\u00bboff|on|on\u00bb admin_label=\u00bbsection\u00bb _builder_version=\u00bb4.20.2&#8243; width=\u00bb100%\u00bb custom_margin=\u00bb0px||||false|false\u00bb custom_padding=\u00bb0px||4px|||\u00bb global_colors_info=\u00bb{}\u00bb][et_pb_row column_structure=\u00bb1_2,1_2&#8243; _builder_version=\u00bb4.20.2&#8243; _module_preset=\u00bbdefault\u00bb custom_margin=\u00bb0px||||false|false\u00bb custom_padding=\u00bb118px||||false|false\u00bb global_colors_info=\u00bb{}\u00bb][et_pb_column type=\u00bb1_2&#8243; _builder_version=\u00bb4.20.2&#8243; _module_preset=\u00bbdefault\u00bb global_colors_info=\u00bb{}\u00bb][et_pb_text _builder_version=\u00bb4.20.2&#8243; _module_preset=\u00bbdefault\u00bb text_font=\u00bbSource Sans Pro|900|||||||\u00bb text_text_color=\u00bb#000000&#8243; text_font_size=\u00bb32px\u00bb text_line_height=\u00bb1em\u00bb text_orientation=\u00bbright\u00bb custom_margin=\u00bb1px||||false|false\u00bb custom_padding=\u00bb0px|||||\u00bb global_colors_info=\u00bb{}\u00bb]<\/p>\n<p>Asesoramiento Legal y Agron\u00f3mico<\/p>\n<p>[\/et_pb_text][et_pb_text _builder_version=\u00bb4.20.2&#8243; _module_preset=\u00bbdefault\u00bb text_font=\u00bbSource Sans Pro||||||||\u00bb text_text_color=\u00bb#000000&#8243; text_font_size=\u00bb20px\u00bb text_orientation=\u00bbright\u00bb custom_margin=\u00bb-21px||-22px||false|false\u00bb custom_padding=\u00bb||7px||false|false\u00bb global_colors_info=\u00bb{}\u00bb]<\/p>\n<p>M\u00e1s de 20 a\u00f1os de experiencia en el asesoramiento, mejora y consultor\u00eda t\u00e9cnica en cultivos de alto rendimiento<\/p>\n<p>[\/et_pb_text][\/et_pb_column][et_pb_column type=\u00bb1_2&#8243; _builder_version=\u00bb4.20.2&#8243; _module_preset=\u00bbdefault\u00bb global_colors_info=\u00bb{}\u00bb][et_pb_image src=\u00bbhttps:\/\/agropharm.com\/wp-content\/uploads\/2023\/08\/Asesoramiento_Image_1.png\u00bb title_text=\u00bbAsesoramiento_Image_1&#8243; _builder_version=\u00bb4.20.2&#8243; _module_preset=\u00bbdefault\u00bb width=\u00bb72%\u00bb custom_margin=\u00bb||0px||false|false\u00bb global_colors_info=\u00bb{}\u00bb][\/et_pb_image][\/et_pb_column][\/et_pb_row][\/et_pb_section][et_pb_section fb_built=\u00bb1&#8243; disabled_on=\u00bbon|off|off\u00bb _builder_version=\u00bb4.20.2&#8243; _module_preset=\u00bbdefault\u00bb background_color=\u00bbRGBA(255,255,255,0)\u00bb background_image=\u00bbhttps:\/\/agropharm.com\/wp-content\/uploads\/2023\/10\/Asesoramiento_Agro_image-copia.jpg.png\u00bb background_repeat=\u00bbrepeat\u00bb background_blend=\u00bbmultiply\u00bb min_height=\u00bb464.3px\u00bb custom_margin=\u00bb1px||1px|||\u00bb custom_padding=\u00bb334px||0px|||\u00bb locked=\u00bboff\u00bb global_colors_info=\u00bb{}\u00bb][et_pb_row _builder_version=\u00bb4.20.2&#8243; _module_preset=\u00bbdefault\u00bb global_colors_info=\u00bb{}\u00bb][et_pb_column type=\u00bb4_4&#8243; _builder_version=\u00bb4.20.2&#8243; _module_preset=\u00bbdefault\u00bb global_colors_info=\u00bb{}\u00bb][et_pb_text _builder_version=\u00bb4.20.2&#8243; _module_preset=\u00bbdefault\u00bb text_font=\u00bbSource Sans Pro||||||||\u00bb text_text_color=\u00bb#FFFFFF\u00bb text_font_size=\u00bb46px\u00bb text_orientation=\u00bbcenter\u00bb custom_margin=\u00bb-181px|||||\u00bb custom_padding=\u00bb9px|||||\u00bb global_colors_info=\u00bb{}\u00bb]<\/p>\n<p>ASESORAMIENTO AGRON\u00d3MICO<\/p>\n<p>[\/et_pb_text][et_pb_text _builder_version=\u00bb4.20.2&#8243; _module_preset=\u00bbdefault\u00bb text_font=\u00bbSource Sans Pro||||||||\u00bb text_text_color=\u00bb#FFFFFF\u00bb text_font_size=\u00bb24px\u00bb text_orientation=\u00bbcenter\u00bb custom_margin=\u00bb-16px||||false|false\u00bb custom_padding=\u00bb0px|||||\u00bb global_colors_info=\u00bb{}\u00bb]<\/p>\n<p>ILUMINACI\u00d3N, SENSORES Y MONITORIZACI\u00d3N TECNOL\u00d3GICA<\/p>\n<p>[\/et_pb_text][\/et_pb_column][\/et_pb_row][\/et_pb_section][et_pb_section fb_built=\u00bb1&#8243; disabled_on=\u00bboff|on|on\u00bb _builder_version=\u00bb4.20.2&#8243; _module_preset=\u00bbdefault\u00bb background_color=\u00bbRGBA(255,255,255,0)\u00bb background_image=\u00bbhttps:\/\/agropharm.com\/wp-content\/uploads\/2023\/10\/Asesoramiento_Agro_image-copia.jpg.png\u00bb background_repeat=\u00bbrepeat\u00bb background_blend=\u00bbmultiply\u00bb min_height=\u00bb464.3px\u00bb custom_margin=\u00bb1px||1px|||\u00bb custom_padding=\u00bb334px||0px|||\u00bb locked=\u00bboff\u00bb global_colors_info=\u00bb{}\u00bb][et_pb_row _builder_version=\u00bb4.20.2&#8243; _module_preset=\u00bbdefault\u00bb global_colors_info=\u00bb{}\u00bb][et_pb_column type=\u00bb4_4&#8243; _builder_version=\u00bb4.20.2&#8243; _module_preset=\u00bbdefault\u00bb global_colors_info=\u00bb{}\u00bb][et_pb_text _builder_version=\u00bb4.20.2&#8243; _module_preset=\u00bbdefault\u00bb text_font=\u00bbSource Sans Pro||||||||\u00bb text_text_color=\u00bb#FFFFFF\u00bb text_font_size=\u00bb40px\u00bb text_line_height=\u00bb0.9em\u00bb text_orientation=\u00bbcenter\u00bb custom_margin=\u00bb-248px|||||\u00bb custom_padding=\u00bb9px|||||\u00bb global_colors_info=\u00bb{}\u00bb]<\/p>\n<p>ASESORAMIENTO AGRON\u00d3MICO<\/p>\n<p>[\/et_pb_text][et_pb_text _builder_version=\u00bb4.20.2&#8243; _module_preset=\u00bbdefault\u00bb text_font=\u00bbSource Sans Pro||||||||\u00bb text_text_color=\u00bb#FFFFFF\u00bb text_font_size=\u00bb24px\u00bb text_orientation=\u00bbcenter\u00bb custom_margin=\u00bb-16px||||false|false\u00bb custom_padding=\u00bb0px|||||\u00bb global_colors_info=\u00bb{}\u00bb]<\/p>\n<p>ILUMINACI\u00d3N, SENSORES Y MONITORIZACI\u00d3N TECNOL\u00d3GICA<\/p>\n<p>[\/et_pb_text][et_pb_button button_url=\u00bb#agronomico\u00bb button_text=\u00bbSaber m\u00e1s\u00bb button_alignment=\u00bbcenter\u00bb _builder_version=\u00bb4.20.2&#8243; _module_preset=\u00bbdefault\u00bb custom_button=\u00bbon\u00bb button_text_color=\u00bb#FFFFFF\u00bb button_bg_color=\u00bb#4a9462&#8243; button_border_color=\u00bbRGBA(255,255,255,0)\u00bb button_border_radius=\u00bb100px\u00bb global_colors_info=\u00bb{}\u00bb][\/et_pb_button][\/et_pb_column][\/et_pb_row][\/et_pb_section][et_pb_section fb_built=\u00bb1&#8243; disabled_on=\u00bbon|off|off\u00bb module_id=\u00bbagronomico\u00bb _builder_version=\u00bb4.20.2&#8243; _module_preset=\u00bbdefault\u00bb background_color=\u00bbRGBA(255,255,255,0)\u00bb custom_margin=\u00bb-1px|||||\u00bb global_colors_info=\u00bb{}\u00bb][et_pb_row module_id=\u00bbagro\u00bb _builder_version=\u00bb4.20.2&#8243; _module_preset=\u00bbdefault\u00bb custom_margin=\u00bb21px|auto||auto|false|false\u00bb custom_padding=\u00bb137px|||||\u00bb global_colors_info=\u00bb{}\u00bb][et_pb_column type=\u00bb4_4&#8243; _builder_version=\u00bb4.20.2&#8243; _module_preset=\u00bbdefault\u00bb global_colors_info=\u00bb{}\u00bb][et_pb_text _builder_version=\u00bb4.20.2&#8243; _module_preset=\u00bbdefault\u00bb text_font=\u00bbSource Sans Pro|300|||||||\u00bb text_text_color=\u00bb#4a9462&#8243; text_font_size=\u00bb50px\u00bb custom_margin=\u00bb-112px|||||\u00bb global_colors_info=\u00bb{}\u00bb]<\/p>\n<p>Asesoramiento agron\u00f3mico<\/p>\n<p>[\/et_pb_text][et_pb_text _builder_version=\u00bb4.20.2&#8243; _module_preset=\u00bbdefault\u00bb text_font=\u00bbSource Sans Pro||||||||\u00bb text_text_color=\u00bb#000000&#8243; text_font_size=\u00bb20px\u00bb custom_padding=\u00bb0px|||||\u00bb global_colors_info=\u00bb{}\u00bb]<\/p>\n<p>Con nuestros m\u00e1s de 20 a\u00f1os de experiencia estamos especializados en crear entornos id\u00f3neos para la plantaci\u00f3n del cannabis medicinal. Realizamos un seguimiento exhaustivo del proyecto y asesoramos a nuestros clientes en la trazabilidad del producto.<\/p>\n<p>[\/et_pb_text][et_pb_text _builder_version=\u00bb4.20.2&#8243; _module_preset=\u00bbdefault\u00bb text_font=\u00bbSource Sans Pro|600|||||||\u00bb text_text_color=\u00bb#4a9462&#8243; text_font_size=\u00bb25px\u00bb global_colors_info=\u00bb{}\u00bb]<\/p>\n<p>Nuestros servicios<\/p>\n<p>[\/et_pb_text][et_pb_text _builder_version=\u00bb4.20.2&#8243; _module_preset=\u00bbdefault\u00bb text_font=\u00bbSource Sans Pro||||||||\u00bb text_text_color=\u00bb#000000&#8243; text_font_size=\u00bb20px\u00bb text_line_height=\u00bb1.3em\u00bb custom_padding=\u00bb0px|||||\u00bb global_colors_info=\u00bb{}\u00bb]<\/p>\n<h3><strong>Iluminaci\u00f3n<\/strong><\/h3>\n<p><span style=\"font-weight: 400;\">Desarrollamos planes de iluminaci\u00f3n en colaboraci\u00f3n con nuestras empresas asociadas, como <\/span><b>Philips LED Horticulture<\/b><span style=\"font-weight: 400;\">, especializados en la producci\u00f3n de soluciones de iluminaci\u00f3n para perfeccionar el control de fotoperiodos, el espectro, la radiaci\u00f3n sobre la planta y su homogeneidad, para garantizar la \u00f3ptima producci\u00f3n con la mayor eficiencia energ\u00e9tica<\/span><\/p>\n<p>[\/et_pb_text][et_pb_text _builder_version=\u00bb4.20.2&#8243; _module_preset=\u00bbdefault\u00bb text_font=\u00bbSource Sans Pro||||||||\u00bb text_text_color=\u00bb#000000&#8243; text_font_size=\u00bb20px\u00bb text_line_height=\u00bb1.3em\u00bb custom_padding=\u00bb0px|||||\u00bb global_colors_info=\u00bb{}\u00bb]<\/p>\n<h3><strong>Tratamiento del agua<\/strong><\/h3>\n<p><span style=\"font-weight: 400;\">Siendo conscientes de la importancia del agua en la actualidad, trabajamos para reducir la huella h\u00eddrica en nuestros proyectos mediante el uso de equipos de riego eficientes y la innovaci\u00f3n con nuevas tecnolog\u00edas<\/span><\/p>\n<p>[\/et_pb_text][et_pb_text _builder_version=\u00bb4.20.2&#8243; _module_preset=\u00bbdefault\u00bb text_font=\u00bbSource Sans Pro||||||||\u00bb text_text_color=\u00bb#000000&#8243; text_font_size=\u00bb20px\u00bb text_line_height=\u00bb1.3em\u00bb custom_padding=\u00bb0px|||||\u00bb global_colors_info=\u00bb{}\u00bb]<\/p>\n<h3><strong>Fertilizaci\u00f3n<\/strong><\/h3>\n<p><span style=\"font-weight: 400;\">La nutrici\u00f3n de las plantas es un factor fundamental durante el cultivo. Nuestros t\u00e9cnicos desarrollan planes de fertirrigaci\u00f3n (aporte de nutrientes en el agua de riego) a medida que garantizan el desarrollo \u00f3ptimo de las plantas<\/span><\/p>\n<p>[\/et_pb_text][et_pb_image src=\u00bbhttps:\/\/agropharm.com\/wp-content\/uploads\/2023\/09\/asesoramiento-agronomico-agropharm_1.jpg\u00bb title_text=\u00bbasesoramiento-agronomico-agropharm_1&#8243; align=\u00bbcenter\u00bb _builder_version=\u00bb4.20.2&#8243; _module_preset=\u00bbdefault\u00bb global_colors_info=\u00bb{}\u00bb][\/et_pb_image][et_pb_text _builder_version=\u00bb4.20.2&#8243; _module_preset=\u00bbdefault\u00bb text_font=\u00bbSource Sans Pro||||||||\u00bb text_text_color=\u00bb#000000&#8243; text_font_size=\u00bb20px\u00bb text_line_height=\u00bb1.3em\u00bb custom_padding=\u00bb0px|||||\u00bb global_colors_info=\u00bb{}\u00bb]<\/p>\n<h3><strong>Sensores y monitorizaci\u00f3n tecnol\u00f3gica<\/strong><\/h3>\n<p>Conocer el estado actual de la planta es fundamental para el manejo de la plantaci\u00f3n, con el fin de actuar en tiempo real sobre las exigencias del cultivo. De esta manera, nuestros proyectos cuentan con sistemas de control avanzado, que generan informaci\u00f3n relevante para la toma de decisiones.<\/p>\n<p>[\/et_pb_text][et_pb_text _builder_version=\u00bb4.20.2&#8243; _module_preset=\u00bbdefault\u00bb text_font=\u00bbSource Sans Pro||||||||\u00bb text_text_color=\u00bb#000000&#8243; text_font_size=\u00bb20px\u00bb text_line_height=\u00bb1.3em\u00bb custom_padding=\u00bb0px|||||\u00bb global_colors_info=\u00bb{}\u00bb]<\/p>\n<h3><strong>Control del clima<\/strong><\/h3>\n<p>En este tipo de instalaciones es muy importante controlar variables clim\u00e1ticas, como pueden ser la humedad y la temperatura; y otras ambientales como la radiaci\u00f3n o los niveles de CO2. Mediante sistemas automatizados, efectuamos el control que nos asegura las condiciones ideales para el crecimiento de la planta.<\/p>\n<p>[\/et_pb_text][et_pb_text _builder_version=\u00bb4.20.2&#8243; _module_preset=\u00bbdefault\u00bb text_font=\u00bbSource Sans Pro||||||||\u00bb text_text_color=\u00bb#000000&#8243; text_font_size=\u00bb20px\u00bb text_line_height=\u00bb1.3em\u00bb custom_padding=\u00bb0px|||||\u00bb global_colors_info=\u00bb{}\u00bb]<\/p>\n<h3><strong>Gesti\u00f3n poscosecha<\/strong><\/h3>\n<p>Para nosotros es esencial conseguir una materia prima de \u00f3ptimas caracter\u00edsticas. Para ello, nuestras instalaciones de secado y procesado de cosecha constan de Certificaci\u00f3n GMP, lo cual exige entornos ambientales libres de contaminaci\u00f3n, ayudando con ello a garantizar un producto de calidad seg\u00fan marca la demanda del mercado.<\/p>\n<p>[\/et_pb_text][et_pb_image src=\u00bbhttps:\/\/agropharm.com\/wp-content\/uploads\/2023\/09\/agronomic-advice-agropharm_2.png\u00bb title_text=\u00bbagronomic-advice-agropharm_2&#8243; align=\u00bbcenter\u00bb _builder_version=\u00bb4.20.2&#8243; _module_preset=\u00bbdefault\u00bb custom_margin=\u00bb||59px|||\u00bb global_colors_info=\u00bb{}\u00bb][\/et_pb_image][\/et_pb_column][\/et_pb_row][\/et_pb_section][et_pb_section fb_built=\u00bb1&#8243; disabled_on=\u00bboff|on|on\u00bb module_id=\u00bbagronomicores\u00bb _builder_version=\u00bb4.20.2&#8243; _module_preset=\u00bbdefault\u00bb background_color=\u00bbRGBA(255,255,255,0)\u00bb custom_margin=\u00bb-1px|||||\u00bb global_colors_info=\u00bb{}\u00bb][et_pb_row module_id=\u00bbagro\u00bb _builder_version=\u00bb4.20.2&#8243; _module_preset=\u00bbdefault\u00bb custom_margin=\u00bb21px|auto||auto|false|false\u00bb custom_padding=\u00bb137px|||||\u00bb global_colors_info=\u00bb{}\u00bb][et_pb_column type=\u00bb4_4&#8243; _builder_version=\u00bb4.20.2&#8243; _module_preset=\u00bbdefault\u00bb global_colors_info=\u00bb{}\u00bb][et_pb_text _builder_version=\u00bb4.20.2&#8243; _module_preset=\u00bbdefault\u00bb text_font=\u00bbSource Sans Pro|300|||||||\u00bb text_text_color=\u00bb#4a9462&#8243; text_font_size=\u00bb40px\u00bb text_line_height=\u00bb0.9em\u00bb custom_margin=\u00bb-112px|||||\u00bb global_colors_info=\u00bb{}\u00bb]<\/p>\n<p>Asesoramiento agron\u00f3mico<\/p>\n<p>[\/et_pb_text][et_pb_text _builder_version=\u00bb4.20.2&#8243; _module_preset=\u00bbdefault\u00bb text_font=\u00bbSource Sans Pro||||||||\u00bb text_text_color=\u00bb#000000&#8243; text_font_size=\u00bb20px\u00bb custom_padding=\u00bb0px|||||\u00bb global_colors_info=\u00bb{}\u00bb]<\/p>\n<p>Con nuestros m\u00e1s de 20 a\u00f1os de experiencia estamos especializados en crear entornos id\u00f3neos para la plantaci\u00f3n del cannabis medicinal. Realizamos un seguimiento exhaustivo del proyecto y asesoramos a nuestros clientes en la trazabilidad del producto.<\/p>\n<p>[\/et_pb_text][et_pb_text _builder_version=\u00bb4.20.2&#8243; _module_preset=\u00bbdefault\u00bb text_font=\u00bbSource Sans Pro|600|||||||\u00bb text_text_color=\u00bb#4a9462&#8243; text_font_size=\u00bb25px\u00bb global_colors_info=\u00bb{}\u00bb]<\/p>\n<p>Nuestros servicios<\/p>\n<p>[\/et_pb_text][et_pb_text _builder_version=\u00bb4.20.2&#8243; _module_preset=\u00bbdefault\u00bb text_font=\u00bbSource Sans Pro||||||||\u00bb text_text_color=\u00bb#000000&#8243; text_font_size=\u00bb20px\u00bb text_line_height=\u00bb1.3em\u00bb custom_padding=\u00bb0px|||||\u00bb global_colors_info=\u00bb{}\u00bb]<\/p>\n<h3><strong>Iluminaci\u00f3n<\/strong><\/h3>\n<p>Contamos con partners especializados en la producci\u00f3n de soluciones de iluminaci\u00f3n que controlan los fotoperiodos, el espectro y la radiaci\u00f3n sobre la planta, para garantizar la \u00f3ptima producci\u00f3n con la mayor eficiencia energ\u00e9tica.<\/p>\n<p>Contamos con <strong>Newlite<\/strong>, nuestro partner especializado en la producci\u00f3n de soluciones de iluminaci\u00f3n que controlan el fotoperiodo, el espectro y la radiaci\u00f3n sobre la planta, para garantizar la \u00f3ptima producci\u00f3n con la mayor eficiencia energ\u00e9tica.<\/p>\n<p>[\/et_pb_text][et_pb_text _builder_version=\u00bb4.20.2&#8243; _module_preset=\u00bbdefault\u00bb text_font=\u00bbSource Sans Pro||||||||\u00bb text_text_color=\u00bb#000000&#8243; text_font_size=\u00bb20px\u00bb text_line_height=\u00bb1.3em\u00bb custom_padding=\u00bb0px|||||\u00bb global_colors_info=\u00bb{}\u00bb]<\/p>\n<h3><strong>Tratamiento del agua<\/strong><\/h3>\n<p>Siendo conscientes de la importancia del agua en la actualidad, trabajamos para reducir la huella hidr\u00edca en nuestros proyectos, mediante el uso de equipos de riego eficientes.<\/p>\n<p>[\/et_pb_text][et_pb_text _builder_version=\u00bb4.20.2&#8243; _module_preset=\u00bbdefault\u00bb text_font=\u00bbSource Sans Pro||||||||\u00bb text_text_color=\u00bb#000000&#8243; text_font_size=\u00bb20px\u00bb text_line_height=\u00bb1.3em\u00bb custom_padding=\u00bb0px|||||\u00bb global_colors_info=\u00bb{}\u00bb]<\/p>\n<h3><strong>Fertilizaci\u00f3n<\/strong><\/h3>\n<p>La nutrici\u00f3n es tan importante para el cultivo como la luz y el agua. Por ello, nuestros t\u00e9cnicos desarrollan planes de fertilizaci\u00f3n espec\u00edficos que garantizan el desarrollo \u00f3ptimo de la planta.<\/p>\n<p>[\/et_pb_text][et_pb_image src=\u00bbhttps:\/\/agropharm.com\/wp-content\/uploads\/2023\/09\/asesoramiento-agronomico-agropharm_1.jpg\u00bb title_text=\u00bbasesoramiento-agronomico-agropharm_1&#8243; align=\u00bbcenter\u00bb _builder_version=\u00bb4.20.2&#8243; _module_preset=\u00bbdefault\u00bb global_colors_info=\u00bb{}\u00bb][\/et_pb_image][et_pb_text _builder_version=\u00bb4.20.2&#8243; _module_preset=\u00bbdefault\u00bb text_font=\u00bbSource Sans Pro||||||||\u00bb text_text_color=\u00bb#000000&#8243; text_font_size=\u00bb20px\u00bb text_line_height=\u00bb1.3em\u00bb custom_padding=\u00bb0px|||||\u00bb global_colors_info=\u00bb{}\u00bb]<\/p>\n<h3><strong>Sensores y monitorizaci\u00f3n tecnol\u00f3gica<\/strong><\/h3>\n<p>Conocer el estado actual de la planta es fundamental para el manejo de la plantaci\u00f3n, con el fin de actuar en tiempo real sobre las exigencias del cultivo. De esta manera, nuestros proyectos cuentan con sistemas de control avanzado, que generan informaci\u00f3n relevante para la toma de decisiones.<\/p>\n<p>[\/et_pb_text][et_pb_text _builder_version=\u00bb4.20.2&#8243; _module_preset=\u00bbdefault\u00bb text_font=\u00bbSource Sans Pro||||||||\u00bb text_text_color=\u00bb#000000&#8243; text_font_size=\u00bb20px\u00bb text_line_height=\u00bb1.3em\u00bb custom_padding=\u00bb0px|||||\u00bb global_colors_info=\u00bb{}\u00bb]<\/p>\n<h3><strong>Control del clima<\/strong><\/h3>\n<p>En este tipo de instalaciones es muy importante controlar variables clim\u00e1ticas, como pueden ser la humedad y la temperatura; y otras ambientales como la radiaci\u00f3n o los niveles de CO2. Mediante sistemas automatizados, efectuamos el control que nos asegura las condiciones ideales para el crecimiento de la planta.<\/p>\n<p>[\/et_pb_text][et_pb_text _builder_version=\u00bb4.20.2&#8243; _module_preset=\u00bbdefault\u00bb text_font=\u00bbSource Sans Pro||||||||\u00bb text_text_color=\u00bb#000000&#8243; text_font_size=\u00bb20px\u00bb text_line_height=\u00bb1.3em\u00bb custom_padding=\u00bb0px|||||\u00bb global_colors_info=\u00bb{}\u00bb]<\/p>\n<h3><strong>Gesti\u00f3n poscosecha<\/strong><\/h3>\n<p>Para nosotros es esencial conseguir una materia prima de \u00f3ptimas caracter\u00edsticas. Para ello, nuestras instalaciones de secado y procesado de cosecha constan de Certificaci\u00f3n GMP, lo cual exige entornos ambientales libres de contaminaci\u00f3n, ayudando con ello a garantizar un producto de calidad seg\u00fan marca la demanda del mercado.<\/p>\n<p>[\/et_pb_text][et_pb_image src=\u00bbhttps:\/\/agropharm.com\/wp-content\/uploads\/2023\/09\/agronomic-advice-agropharm_2.png\u00bb title_text=\u00bbagronomic-advice-agropharm_2&#8243; align=\u00bbcenter\u00bb _builder_version=\u00bb4.20.2&#8243; _module_preset=\u00bbdefault\u00bb custom_margin=\u00bb||59px|||\u00bb global_colors_info=\u00bb{}\u00bb][\/et_pb_image][\/et_pb_column][\/et_pb_row][\/et_pb_section][et_pb_section fb_built=\u00bb1&#8243; fullwidth=\u00bbon\u00bb _builder_version=\u00bb4.20.2&#8243; _module_preset=\u00bbdefault\u00bb custom_margin=\u00bb||0px||false|false\u00bb global_colors_info=\u00bb{}\u00bb][et_pb_fullwidth_header title=\u00bbContacta ahora con nuestros t\u00e9cnicos\u00bb text_orientation=\u00bbcenter\u00bb button_one_text=\u00bbContactar\u00bb button_one_url=\u00bbhttps:\/\/agropharm.com\/es\/contacto\/\u00bb button_two_url=\u00bbhttps:\/\/agropharm.com\/es\/contacto\/\u00bb _builder_version=\u00bb4.20.2&#8243; _module_preset=\u00bbdefault\u00bb title_font=\u00bbSource Sans Pro|200|||||||\u00bb title_text_align=\u00bbcenter\u00bb title_font_size=\u00bb34px\u00bb background_color=\u00bb#000000&#8243; custom_button_one=\u00bbon\u00bb button_one_bg_color=\u00bb#4a9462&#8243; button_one_border_width=\u00bb0px\u00bb button_one_border_radius=\u00bb100px\u00bb button_one_font=\u00bbSource Sans Pro||||||||\u00bb global_colors_info=\u00bb{}\u00bb][\/et_pb_fullwidth_header][\/et_pb_section]<\/p>\n","protected":false},"excerpt":{"rendered":"<p>Asesoramiento Legal y Agron\u00f3micoM\u00e1s de 20 a\u00f1os de experiencia en el asesoramiento, mejora y consultor\u00eda t\u00e9cnica en cultivos de alto rendimientoAsesoramiento Legal y Agron\u00f3micoM\u00e1s de 20 a\u00f1os de experiencia en el asesoramiento, mejora y consultor\u00eda t\u00e9cnica en cultivos de alto rendimientoASESORAMIENTO AGRON\u00d3MICOILUMINACI\u00d3N, SENSORES Y MONITORIZACI\u00d3N TECNOL\u00d3GICAASESORAMIENTO AGRON\u00d3MICOILUMINACI\u00d3N, SENSORES Y MONITORIZACI\u00d3N TECNOL\u00d3GICAAsesoramiento agron\u00f3micoCon nuestros m\u00e1s de [&hellip;]<\/p>\n","protected":false},"author":8,"featured_media":0,"parent":0,"menu_order":0,"comment_status":"closed","ping_status":"closed","template":"","meta":{"_et_pb_use_builder":"on","_et_pb_old_content":"","_et_gb_content_width":"","footnotes":""},"class_list":["post-3616","page","type-page","status-publish","hentry"],"_links":{"self":[{"href":"https:\/\/agropharm.com\/es\/wp-json\/wp\/v2\/pages\/3616","targetHints":{"allow":["GET"]}}],"collection":[{"href":"https:\/\/agropharm.com\/es\/wp-json\/wp\/v2\/pages"}],"about":[{"href":"https:\/\/agropharm.com\/es\/wp-json\/wp\/v2\/types\/page"}],"author":[{"embeddable":true,"href":"https:\/\/agropharm.com\/es\/wp-json\/wp\/v2\/users\/8"}],"replies":[{"embeddable":true,"href":"https:\/\/agropharm.com\/es\/wp-json\/wp\/v2\/comments?post=3616"}],"version-history":[{"count":3,"href":"https:\/\/agropharm.com\/es\/wp-json\/wp\/v2\/pages\/3616\/revisions"}],"predecessor-version":[{"id":3622,"href":"https:\/\/agropharm.com\/es\/wp-json\/wp\/v2\/pages\/3616\/revisions\/3622"}],"wp:attachment":[{"href":"https:\/\/agropharm.com\/es\/wp-json\/wp\/v2\/media?parent=3616"}],"curies":[{"name":"wp","href":"https:\/\/api.w.org\/{rel}","templated":true}]}}