{"id":3612,"date":"2024-10-30T15:15:12","date_gmt":"2024-10-30T14:15:12","guid":{"rendered":"https:\/\/agropharm.com\/?page_id=3612"},"modified":"2024-10-30T17:51:02","modified_gmt":"2024-10-30T16:51:02","slug":"legal","status":"publish","type":"page","link":"https:\/\/agropharm.com\/es\/legal\/","title":{"rendered":"Legal"},"content":{"rendered":"<p>[et_pb_section fb_built=\u00bb1&#8243; admin_label=\u00bbsection\u00bb _builder_version=\u00bb4.16&#8243; width=\u00bb100%\u00bb custom_padding=\u00bb0px||4px|||\u00bb global_colors_info=\u00bb{}\u00bb][\/et_pb_section][et_pb_section fb_built=\u00bb1&#8243; disabled_on=\u00bbon|off|off\u00bb admin_label=\u00bbsection\u00bb _builder_version=\u00bb4.20.2&#8243; background_color=\u00bbRGBA(255,255,255,0)\u00bb width=\u00bb100%\u00bb custom_margin=\u00bb0px||||false|false\u00bb custom_padding=\u00bb0px||4px|||\u00bb global_colors_info=\u00bb{}\u00bb][et_pb_row column_structure=\u00bb1_2,1_2&#8243; _builder_version=\u00bb4.20.2&#8243; _module_preset=\u00bbdefault\u00bb custom_margin=\u00bb0px||||false|false\u00bb custom_padding=\u00bb0px||||false|false\u00bb global_colors_info=\u00bb{}\u00bb][et_pb_column type=\u00bb1_2&#8243; _builder_version=\u00bb4.20.2&#8243; _module_preset=\u00bbdefault\u00bb global_colors_info=\u00bb{}\u00bb][et_pb_text _builder_version=\u00bb4.20.2&#8243; _module_preset=\u00bbdefault\u00bb text_font=\u00bbSource Sans Pro|900|||||||\u00bb text_text_color=\u00bb#000000&#8243; text_font_size=\u00bb32px\u00bb text_line_height=\u00bb1em\u00bb text_orientation=\u00bbright\u00bb custom_margin=\u00bb126px||||false|false\u00bb global_colors_info=\u00bb{}\u00bb]<\/p>\n<p>Asesoramiento Legal y Agron\u00f3mico<\/p>\n<p>[\/et_pb_text][et_pb_text _builder_version=\u00bb4.20.2&#8243; _module_preset=\u00bbdefault\u00bb text_font=\u00bbSource Sans Pro||||||||\u00bb text_text_color=\u00bb#000000&#8243; text_font_size=\u00bb20px\u00bb text_orientation=\u00bbright\u00bb custom_margin=\u00bb-21px||-22px||false|false\u00bb custom_padding=\u00bb||7px||false|false\u00bb global_colors_info=\u00bb{}\u00bb]<\/p>\n<p>M\u00e1s de 20 a\u00f1os de experiencia en el asesoramiento, mejora y consultor\u00eda t\u00e9cnica en cultivos de alto rendimiento<\/p>\n<p>[\/et_pb_text][\/et_pb_column][et_pb_column type=\u00bb1_2&#8243; _builder_version=\u00bb4.20.2&#8243; _module_preset=\u00bbdefault\u00bb global_colors_info=\u00bb{}\u00bb][et_pb_image src=\u00bbhttps:\/\/agropharm.com\/wp-content\/uploads\/2023\/08\/Asesoramiento_Image_1.png\u00bb title_text=\u00bbAsesoramiento_Image_1&#8243; _builder_version=\u00bb4.20.2&#8243; _module_preset=\u00bbdefault\u00bb width=\u00bb72%\u00bb custom_margin=\u00bb||0px||false|false\u00bb global_colors_info=\u00bb{}\u00bb][\/et_pb_image][\/et_pb_column][\/et_pb_row][\/et_pb_section][et_pb_section fb_built=\u00bb1&#8243; disabled_on=\u00bboff|on|on\u00bb admin_label=\u00bbsection\u00bb _builder_version=\u00bb4.20.2&#8243; width=\u00bb100%\u00bb custom_margin=\u00bb0px||||false|false\u00bb custom_padding=\u00bb0px||4px|||\u00bb global_colors_info=\u00bb{}\u00bb][et_pb_row column_structure=\u00bb1_2,1_2&#8243; _builder_version=\u00bb4.20.2&#8243; _module_preset=\u00bbdefault\u00bb custom_margin=\u00bb0px||||false|false\u00bb custom_padding=\u00bb118px||||false|false\u00bb global_colors_info=\u00bb{}\u00bb][et_pb_column type=\u00bb1_2&#8243; _builder_version=\u00bb4.20.2&#8243; _module_preset=\u00bbdefault\u00bb global_colors_info=\u00bb{}\u00bb][et_pb_text _builder_version=\u00bb4.20.2&#8243; _module_preset=\u00bbdefault\u00bb text_font=\u00bbSource Sans Pro|900|||||||\u00bb text_text_color=\u00bb#000000&#8243; text_font_size=\u00bb32px\u00bb text_line_height=\u00bb1em\u00bb text_orientation=\u00bbright\u00bb custom_margin=\u00bb1px||||false|false\u00bb custom_padding=\u00bb0px|||||\u00bb global_colors_info=\u00bb{}\u00bb]<\/p>\n<p>Asesoramiento Legal y Agron\u00f3mico<\/p>\n<p>[\/et_pb_text][et_pb_text _builder_version=\u00bb4.20.2&#8243; _module_preset=\u00bbdefault\u00bb text_font=\u00bbSource Sans Pro||||||||\u00bb text_text_color=\u00bb#000000&#8243; text_font_size=\u00bb20px\u00bb text_orientation=\u00bbright\u00bb custom_margin=\u00bb-21px||-22px||false|false\u00bb custom_padding=\u00bb||7px||false|false\u00bb global_colors_info=\u00bb{}\u00bb]<\/p>\n<p>M\u00e1s de 20 a\u00f1os de experiencia en el asesoramiento, mejora y consultor\u00eda t\u00e9cnica en cultivos de alto rendimiento<\/p>\n<p>[\/et_pb_text][\/et_pb_column][et_pb_column type=\u00bb1_2&#8243; _builder_version=\u00bb4.20.2&#8243; _module_preset=\u00bbdefault\u00bb global_colors_info=\u00bb{}\u00bb][et_pb_image src=\u00bbhttps:\/\/agropharm.com\/wp-content\/uploads\/2023\/08\/Asesoramiento_Image_1.png\u00bb title_text=\u00bbAsesoramiento_Image_1&#8243; _builder_version=\u00bb4.20.2&#8243; _module_preset=\u00bbdefault\u00bb width=\u00bb72%\u00bb custom_margin=\u00bb||0px||false|false\u00bb global_colors_info=\u00bb{}\u00bb][\/et_pb_image][\/et_pb_column][\/et_pb_row][\/et_pb_section][et_pb_section fb_built=\u00bb1&#8243; disabled_on=\u00bbon|off|off\u00bb _builder_version=\u00bb4.20.2&#8243; _module_preset=\u00bbdefault\u00bb background_color=\u00bbRGBA(255,255,255,0)\u00bb background_image=\u00bbhttps:\/\/agropharm.com\/wp-content\/uploads\/2023\/10\/Asesoramiento_legal_image.jpg-1.png\u00bb background_repeat=\u00bbrepeat\u00bb background_blend=\u00bbmultiply\u00bb min_height=\u00bb464.3px\u00bb custom_margin=\u00bb1px||1px|||\u00bb custom_padding=\u00bb334px||0px|||\u00bb locked=\u00bboff\u00bb global_colors_info=\u00bb{}\u00bb][et_pb_row _builder_version=\u00bb4.20.2&#8243; _module_preset=\u00bbdefault\u00bb global_colors_info=\u00bb{}\u00bb][et_pb_column type=\u00bb4_4&#8243; _builder_version=\u00bb4.20.2&#8243; _module_preset=\u00bbdefault\u00bb global_colors_info=\u00bb{}\u00bb][et_pb_text _builder_version=\u00bb4.20.2&#8243; _module_preset=\u00bbdefault\u00bb text_font=\u00bbSource Sans Pro||||||||\u00bb text_text_color=\u00bb#FFFFFF\u00bb text_font_size=\u00bb46px\u00bb text_orientation=\u00bbcenter\u00bb custom_margin=\u00bb-181px|||||\u00bb custom_padding=\u00bb9px|||||\u00bb global_colors_info=\u00bb{}\u00bb]<\/p>\n<p>ASESORAMIENTO LEGAL<\/p>\n<p>[\/et_pb_text][et_pb_text _builder_version=\u00bb4.20.2&#8243; _module_preset=\u00bbdefault\u00bb text_font=\u00bbSource Sans Pro||||||||\u00bb text_text_color=\u00bb#FFFFFF\u00bb text_font_size=\u00bb24px\u00bb text_orientation=\u00bbcenter\u00bb custom_margin=\u00bb-16px||||false|false\u00bb custom_padding=\u00bb0px|||||\u00bb global_colors_info=\u00bb{}\u00bb]<\/p>\n<p>PARA CUMPLIR CON LA NORMATIVA<\/p>\n<p>[\/et_pb_text][\/et_pb_column][\/et_pb_row][\/et_pb_section][et_pb_section fb_built=\u00bb1&#8243; disabled_on=\u00bboff|on|on\u00bb _builder_version=\u00bb4.20.2&#8243; _module_preset=\u00bbdefault\u00bb background_color=\u00bbRGBA(255,255,255,0)\u00bb background_image=\u00bbhttps:\/\/agropharm.com\/wp-content\/uploads\/2023\/10\/Asesoramiento_legal_image.jpg-1.png\u00bb background_repeat=\u00bbrepeat\u00bb background_blend=\u00bbmultiply\u00bb min_height=\u00bb464.3px\u00bb custom_margin=\u00bb1px||1px|||\u00bb custom_padding=\u00bb334px||0px|||\u00bb locked=\u00bboff\u00bb global_colors_info=\u00bb{}\u00bb][et_pb_row _builder_version=\u00bb4.20.2&#8243; _module_preset=\u00bbdefault\u00bb global_colors_info=\u00bb{}\u00bb][et_pb_column type=\u00bb4_4&#8243; _builder_version=\u00bb4.20.2&#8243; _module_preset=\u00bbdefault\u00bb global_colors_info=\u00bb{}\u00bb][et_pb_text _builder_version=\u00bb4.20.2&#8243; _module_preset=\u00bbdefault\u00bb text_font=\u00bbSource Sans Pro||||||||\u00bb text_text_color=\u00bb#FFFFFF\u00bb text_font_size=\u00bb40px\u00bb text_line_height=\u00bb0.9em\u00bb text_orientation=\u00bbcenter\u00bb custom_margin=\u00bb-231px|||||\u00bb custom_padding=\u00bb9px|||||\u00bb global_colors_info=\u00bb{}\u00bb]<\/p>\n<p>ASESORAMIENTO LEGAL<\/p>\n<p>[\/et_pb_text][et_pb_text _builder_version=\u00bb4.20.2&#8243; _module_preset=\u00bbdefault\u00bb text_font=\u00bbSource Sans Pro||||||||\u00bb text_text_color=\u00bb#FFFFFF\u00bb text_font_size=\u00bb24px\u00bb text_orientation=\u00bbcenter\u00bb custom_margin=\u00bb-16px||||false|false\u00bb custom_padding=\u00bb0px|||||\u00bb global_colors_info=\u00bb{}\u00bb]<\/p>\n<p>PARA CUMPLIR CON LA NORMATIVA<\/p>\n<p>[\/et_pb_text][\/et_pb_column][\/et_pb_row][\/et_pb_section][et_pb_section fb_built=\u00bb1&#8243; disabled_on=\u00bbon|off|off\u00bb module_id=\u00bblegal\u00bb _builder_version=\u00bb4.20.2&#8243; _module_preset=\u00bbdefault\u00bb background_color=\u00bbRGBA(255,255,255,0)\u00bb custom_margin=\u00bb-1px|||||\u00bb custom_padding=\u00bb64px||4px|||\u00bb global_colors_info=\u00bb{}\u00bb][et_pb_row module_id=\u00bbagro\u00bb _builder_version=\u00bb4.20.2&#8243; _module_preset=\u00bbdefault\u00bb custom_margin=\u00bb21px|auto||auto|false|false\u00bb custom_padding=\u00bb137px|||||\u00bb global_colors_info=\u00bb{}\u00bb][et_pb_column type=\u00bb4_4&#8243; _builder_version=\u00bb4.20.2&#8243; _module_preset=\u00bbdefault\u00bb global_colors_info=\u00bb{}\u00bb][et_pb_text _builder_version=\u00bb4.20.2&#8243; _module_preset=\u00bbdefault\u00bb text_font=\u00bbSource Sans Pro|300|||||||\u00bb text_text_color=\u00bb#4a9462&#8243; text_font_size=\u00bb50px\u00bb custom_margin=\u00bb-112px|||||\u00bb global_colors_info=\u00bb{}\u00bb]<\/p>\n<p>Asesoramiento Legal<\/p>\n<p>[\/et_pb_text][et_pb_text _builder_version=\u00bb4.20.2&#8243; _module_preset=\u00bbdefault\u00bb text_font=\u00bbSource Sans Pro||||||||\u00bb text_text_color=\u00bb#000000&#8243; text_font_size=\u00bb20px\u00bb custom_padding=\u00bb0px|||||\u00bb global_colors_info=\u00bb{}\u00bb]<\/p>\n<p>En nuestra b\u00fasqueda de la excelencia garantizamos los m\u00e1s altos est\u00e1ndares de calidad y seguridad del producto final para la salud humana.<\/p>\n<p>[\/et_pb_text][et_pb_text _builder_version=\u00bb4.20.2&#8243; _module_preset=\u00bbdefault\u00bb text_font=\u00bbSource Sans Pro|600|||||||\u00bb text_text_color=\u00bb#4a9462&#8243; text_font_size=\u00bb25px\u00bb global_colors_info=\u00bb{}\u00bb]<\/p>\n<p>Enfocados en garantizar resultados<\/p>\n<p>[\/et_pb_text][et_pb_text _builder_version=\u00bb4.20.2&#8243; _module_preset=\u00bbdefault\u00bb text_font=\u00bbSource Sans Pro||||||||\u00bb text_text_color=\u00bb#000000&#8243; text_font_size=\u00bb20px\u00bb text_line_height=\u00bb1.3em\u00bb custom_padding=\u00bb0px|||||\u00bb global_colors_info=\u00bb{}\u00bb]<\/p>\n<h3><strong>Autorizaci\u00f3n previa<\/strong><\/h3>\n<p>Los proyectos de cultivo de cannabis medicinal destinados a la producci\u00f3n de activos farmac\u00e9uticos o cosm\u00e9ticos, est\u00e1n sometidos a una autorizaci\u00f3n administrativa que precede al comienzo de la ejecuci\u00f3n de cada uno de ellos (AEMPS\/RUESA, INFARMED, \u2026).<\/p>\n<p>[\/et_pb_text][et_pb_text _builder_version=\u00bb4.20.2&#8243; _module_preset=\u00bbdefault\u00bb text_font=\u00bbSource Sans Pro||||||||\u00bb text_text_color=\u00bb#000000&#8243; text_font_size=\u00bb20px\u00bb text_line_height=\u00bb1.3em\u00bb custom_padding=\u00bb0px|||||\u00bb global_colors_info=\u00bb{}\u00bb]<\/p>\n<h3><strong>Cumplimiento de normativa<\/strong><\/h3>\n<p>Con el fin de garantizar los m\u00e1s altos est\u00e1ndares de calidad y seguridad para la salud humana, en Agropharm desarrollamos todos nuestros proyectos de acuerdo con la legislaci\u00f3n vigente.<\/p>\n<p>[\/et_pb_text][et_pb_text _builder_version=\u00bb4.20.2&#8243; _module_preset=\u00bbdefault\u00bb text_font=\u00bbSource Sans Pro||||||||\u00bb text_text_color=\u00bb#000000&#8243; text_font_size=\u00bb20px\u00bb text_line_height=\u00bb1.3em\u00bb custom_padding=\u00bb0px|||||\u00bb global_colors_info=\u00bb{}\u00bb]<\/p>\n<h3><strong>En perfecta sinton\u00eda<\/strong><\/h3>\n<p>La perfecta sinton\u00eda entre el proyecto t\u00e9cnico legal, las instalaciones productivas y las de procesado, resulta imprescindible para superar el tr\u00e1mite de obtenci\u00f3n de la autorizaci\u00f3n administrativa del cultivo.<\/p>\n<p>[\/et_pb_text][et_pb_image src=\u00bbhttps:\/\/agropharm.com\/wp-content\/uploads\/2023\/08\/asesoramiento-legal-sala-de-germinacion-scaled-1.webp\u00bb title_text=\u00bbasesoramiento-legal-sala-de-germinacion-scaled-1&#8243; align=\u00bbcenter\u00bb _builder_version=\u00bb4.20.2&#8243; _module_preset=\u00bbdefault\u00bb global_colors_info=\u00bb{}\u00bb][\/et_pb_image][et_pb_text _builder_version=\u00bb4.20.2&#8243; _module_preset=\u00bbdefault\u00bb text_font=\u00bbSource Sans Pro||||||||\u00bb text_text_color=\u00bb#000000&#8243; text_font_size=\u00bb20px\u00bb text_line_height=\u00bb1.3em\u00bb custom_padding=\u00bb0px|||||\u00bb global_colors_info=\u00bb{}\u00bb]<\/p>\n<h3><strong>Consultor\u00eda legal especializada<\/strong><\/h3>\n<p>En Agropharm supervisamos con detalle cada proyecto y ofrecemos, en colaboraci\u00f3n con el despacho Bezanilla Renedo Abogados, un completo servicio de consultor\u00eda legal especializado, que garantiza su correcta planificaci\u00f3n y ejecuci\u00f3n.<\/p>\n<p>[\/et_pb_text][et_pb_text _builder_version=\u00bb4.20.2&#8243; _module_preset=\u00bbdefault\u00bb text_font=\u00bbSource Sans Pro||||||||\u00bb text_text_color=\u00bb#000000&#8243; text_font_size=\u00bb20px\u00bb text_line_height=\u00bb1.3em\u00bb custom_padding=\u00bb0px|||||\u00bb global_colors_info=\u00bb{}\u00bb]<\/p>\n<h3><strong>Asesoramiento b\u00e1sico<\/strong><\/h3>\n<p>De esta manera, su equipo multidisciplinar de abogados nos asesora en cuestiones b\u00e1sicas como la elecci\u00f3n de la forma empresarial \u00f3ptima o la tramitaci\u00f3n de subvenciones para negocios de econom\u00eda verde.<\/p>\n<p>[\/et_pb_text][et_pb_text _builder_version=\u00bb4.20.2&#8243; _module_preset=\u00bbdefault\u00bb text_font=\u00bbSource Sans Pro||||||||\u00bb text_text_color=\u00bb#000000&#8243; text_font_size=\u00bb20px\u00bb text_line_height=\u00bb1.3em\u00bb custom_padding=\u00bb0px|||||\u00bb global_colors_info=\u00bb{}\u00bb]<\/p>\n<h3><strong>Asesoramiento espec\u00edfico<\/strong><\/h3>\n<p>Adem\u00e1s, nos apoya en la obtenci\u00f3n de licencias de la AEMPS\/INFARMED, implementaci\u00f3n de los protocolos de seguridad (IQ) y calidad (BPAR\/Global GAPC) o la redacci\u00f3n de Acuerdos de Producci\u00f3n Agr\u00edcola (APAs NCF) garantistas y homologables con los est\u00e1ndares del derecho anglosaj\u00f3n.<\/p>\n<p>Garantizamos resultados \u00f3ptimos, trabajando con la consultora de calidad y validaci\u00f3n Trescal, realizando todos los protocolos para las normas GACP y GMP, junto con la redacci\u00f3n, gesti\u00f3n y validaci\u00f3n de todos los procedimientos necesarios para conseguir una transici\u00f3n l\u00f3gica y aplicable de un producto agr\u00edcola a la obtenci\u00f3n de una certificaci\u00f3n farmac\u00e9utica.<\/p>\n<p>[\/et_pb_text][et_pb_image src=\u00bbhttps:\/\/agropharm.com\/wp-content\/uploads\/2023\/08\/asesoramiento-legal-plantacion-scaled-1.webp\u00bb title_text=\u00bbasesoramiento-legal-plantacion-scaled-1&#8243; align=\u00bbcenter\u00bb _builder_version=\u00bb4.20.2&#8243; _module_preset=\u00bbdefault\u00bb custom_margin=\u00bb||59px|||\u00bb global_colors_info=\u00bb{}\u00bb][\/et_pb_image][\/et_pb_column][\/et_pb_row][\/et_pb_section][et_pb_section fb_built=\u00bb1&#8243; disabled_on=\u00bboff|on|on\u00bb module_id=\u00bblegalres\u00bb _builder_version=\u00bb4.20.2&#8243; _module_preset=\u00bbdefault\u00bb background_color=\u00bbRGBA(255,255,255,0)\u00bb custom_margin=\u00bb-1px|||||\u00bb custom_padding=\u00bb2px||4px|||\u00bb global_colors_info=\u00bb{}\u00bb][et_pb_row module_id=\u00bbagro\u00bb _builder_version=\u00bb4.20.2&#8243; _module_preset=\u00bbdefault\u00bb custom_margin=\u00bb21px|auto||auto|false|false\u00bb custom_padding=\u00bb121px|||||\u00bb global_colors_info=\u00bb{}\u00bb][et_pb_column type=\u00bb4_4&#8243; _builder_version=\u00bb4.20.2&#8243; _module_preset=\u00bbdefault\u00bb global_colors_info=\u00bb{}\u00bb][et_pb_text _builder_version=\u00bb4.20.2&#8243; _module_preset=\u00bbdefault\u00bb text_font=\u00bbSource Sans Pro|300|||||||\u00bb text_text_color=\u00bb#4a9462&#8243; text_font_size=\u00bb40px\u00bb text_line_height=\u00bb0.9em\u00bb custom_margin=\u00bb-112px|||||\u00bb global_colors_info=\u00bb{}\u00bb]<\/p>\n<p>Asesoramiento Legal<\/p>\n<p>[\/et_pb_text][et_pb_text _builder_version=\u00bb4.20.2&#8243; _module_preset=\u00bbdefault\u00bb text_font=\u00bbSource Sans Pro||||||||\u00bb text_text_color=\u00bb#000000&#8243; text_font_size=\u00bb20px\u00bb custom_padding=\u00bb0px|||||\u00bb global_colors_info=\u00bb{}\u00bb]<\/p>\n<p>En nuestra b\u00fasqueda de la excelencia garantizamos los m\u00e1s altos est\u00e1ndares de calidad y seguridad del producto final para la salud humana.<\/p>\n<p>[\/et_pb_text][et_pb_text _builder_version=\u00bb4.20.2&#8243; _module_preset=\u00bbdefault\u00bb text_font=\u00bbSource Sans Pro|600|||||||\u00bb text_text_color=\u00bb#4a9462&#8243; text_font_size=\u00bb25px\u00bb global_colors_info=\u00bb{}\u00bb]<\/p>\n<p>Enfocados en garantizar resultados<\/p>\n<p>[\/et_pb_text][et_pb_text _builder_version=\u00bb4.20.2&#8243; _module_preset=\u00bbdefault\u00bb text_font=\u00bbSource Sans Pro||||||||\u00bb text_text_color=\u00bb#000000&#8243; text_font_size=\u00bb20px\u00bb text_line_height=\u00bb1.3em\u00bb custom_padding=\u00bb0px|||||\u00bb global_colors_info=\u00bb{}\u00bb]<\/p>\n<h3><strong>Autorizaci\u00f3n previa<\/strong><\/h3>\n<p>Los proyectos de cultivo de cannabis medicinal destinados a la producci\u00f3n de activos farmac\u00e9uticos o cosm\u00e9ticos, est\u00e1n sometidos a una autorizaci\u00f3n administrativa que precede al comienzo de la ejecuci\u00f3n de cada uno de ellos (AEMPS\/RUESA, INFARMED, \u2026).<\/p>\n<p>[\/et_pb_text][et_pb_text _builder_version=\u00bb4.20.2&#8243; _module_preset=\u00bbdefault\u00bb text_font=\u00bbSource Sans Pro||||||||\u00bb text_text_color=\u00bb#000000&#8243; text_font_size=\u00bb20px\u00bb text_line_height=\u00bb1.3em\u00bb custom_padding=\u00bb0px|||||\u00bb global_colors_info=\u00bb{}\u00bb]<\/p>\n<h3><strong>Cumplimiento de normativa<\/strong><\/h3>\n<p>Con el fin de garantizar los m\u00e1s altos est\u00e1ndares de calidad y seguridad para la salud humana, en Agropharm desarrollamos todos nuestros proyectos de acuerdo con la legislaci\u00f3n vigente.<\/p>\n<p>[\/et_pb_text][et_pb_text _builder_version=\u00bb4.20.2&#8243; _module_preset=\u00bbdefault\u00bb text_font=\u00bbSource Sans Pro||||||||\u00bb text_text_color=\u00bb#000000&#8243; text_font_size=\u00bb20px\u00bb text_line_height=\u00bb1.3em\u00bb custom_padding=\u00bb0px|||||\u00bb global_colors_info=\u00bb{}\u00bb]<\/p>\n<h3><strong>En perfecta sinton\u00eda<\/strong><\/h3>\n<p>La perfecta sinton\u00eda entre el proyecto t\u00e9cnico legal, las instalaciones productivas y las de procesado, resulta imprescindible para superar el tr\u00e1mite de obtenci\u00f3n de la autorizaci\u00f3n administrativa del cultivo.<\/p>\n<p>[\/et_pb_text][et_pb_image src=\u00bbhttps:\/\/agropharm.com\/wp-content\/uploads\/2023\/08\/asesoramiento-legal-sala-de-germinacion-scaled-1.webp\u00bb title_text=\u00bbasesoramiento-legal-sala-de-germinacion-scaled-1&#8243; align=\u00bbcenter\u00bb _builder_version=\u00bb4.20.2&#8243; _module_preset=\u00bbdefault\u00bb global_colors_info=\u00bb{}\u00bb][\/et_pb_image][et_pb_text _builder_version=\u00bb4.20.2&#8243; _module_preset=\u00bbdefault\u00bb text_font=\u00bbSource Sans Pro||||||||\u00bb text_text_color=\u00bb#000000&#8243; text_font_size=\u00bb20px\u00bb text_line_height=\u00bb1.3em\u00bb custom_padding=\u00bb0px|||||\u00bb global_colors_info=\u00bb{}\u00bb]<\/p>\n<h3><strong>Consultor\u00eda legal especializada<\/strong><\/h3>\n<p>En Agropharm supervisamos con detalle cada proyecto y ofrecemos, en colaboraci\u00f3n con el despacho Bezanilla Renedo Abogados, un completo servicio de consultor\u00eda legal especializado, que garantiza su correcta planificaci\u00f3n y ejecuci\u00f3n.<\/p>\n<p>[\/et_pb_text][et_pb_text _builder_version=\u00bb4.20.2&#8243; _module_preset=\u00bbdefault\u00bb text_font=\u00bbSource Sans Pro||||||||\u00bb text_text_color=\u00bb#000000&#8243; text_font_size=\u00bb20px\u00bb text_line_height=\u00bb1.3em\u00bb custom_padding=\u00bb0px|||||\u00bb global_colors_info=\u00bb{}\u00bb]<\/p>\n<h3><strong>Asesoramiento b\u00e1sico<\/strong><\/h3>\n<p>De esta manera, su equipo multidisciplinar de abogados nos asesora en cuestiones b\u00e1sicas como la elecci\u00f3n de la forma empresarial \u00f3ptima o la tramitaci\u00f3n de subvenciones para negocios de econom\u00eda verde.<\/p>\n<p>[\/et_pb_text][et_pb_text _builder_version=\u00bb4.20.2&#8243; _module_preset=\u00bbdefault\u00bb text_font=\u00bbSource Sans Pro||||||||\u00bb text_text_color=\u00bb#000000&#8243; text_font_size=\u00bb20px\u00bb text_line_height=\u00bb1.3em\u00bb custom_padding=\u00bb0px|||||\u00bb global_colors_info=\u00bb{}\u00bb]<\/p>\n<h3><strong>Asesoramiento espec\u00edfico<\/strong><\/h3>\n<p>Adem\u00e1s, nos apoya en la obtenci\u00f3n de licencias de la AEMPS\/INFARMED, implementaci\u00f3n de los protocolos de seguridad (IQ) y calidad (BPAR\/Global GAPC) o la redacci\u00f3n de Acuerdos de Producci\u00f3n Agr\u00edcola (APAs NCF) garantistas y homologables con los est\u00e1ndares del derecho anglosaj\u00f3n.<\/p>\n<p>Garantizamos resultados \u00f3ptimos, trabajando con la consultora de calidad y validaci\u00f3n Trescal, realizando todos los protocolos para las normas GACP y GMP, junto con la redacci\u00f3n, gesti\u00f3n y validaci\u00f3n de todos los procedimientos necesarios para conseguir una transici\u00f3n l\u00f3gica y aplicable de un producto agr\u00edcola a la obtenci\u00f3n de una certificaci\u00f3n farmac\u00e9utica.<\/p>\n<p>[\/et_pb_text][et_pb_image src=\u00bbhttps:\/\/agropharm.com\/wp-content\/uploads\/2023\/08\/asesoramiento-legal-plantacion-scaled-1.webp\u00bb title_text=\u00bbasesoramiento-legal-plantacion-scaled-1&#8243; align=\u00bbcenter\u00bb _builder_version=\u00bb4.20.2&#8243; _module_preset=\u00bbdefault\u00bb custom_margin=\u00bb||59px|||\u00bb global_colors_info=\u00bb{}\u00bb][\/et_pb_image][\/et_pb_column][\/et_pb_row][\/et_pb_section][et_pb_section fb_built=\u00bb1&#8243; fullwidth=\u00bbon\u00bb _builder_version=\u00bb4.20.2&#8243; _module_preset=\u00bbdefault\u00bb custom_margin=\u00bb||0px||false|false\u00bb global_colors_info=\u00bb{}\u00bb][et_pb_fullwidth_header title=\u00bbContacta ahora con nuestros t\u00e9cnicos\u00bb text_orientation=\u00bbcenter\u00bb button_one_text=\u00bbContactar\u00bb button_one_url=\u00bbhttps:\/\/agropharm.com\/es\/contacto\/\u00bb button_two_url=\u00bbhttps:\/\/agropharm.com\/es\/contacto\/\u00bb _builder_version=\u00bb4.20.2&#8243; _module_preset=\u00bbdefault\u00bb title_font=\u00bbSource Sans Pro|200|||||||\u00bb title_text_align=\u00bbcenter\u00bb title_font_size=\u00bb34px\u00bb background_color=\u00bb#000000&#8243; custom_button_one=\u00bbon\u00bb button_one_bg_color=\u00bb#4a9462&#8243; button_one_border_width=\u00bb0px\u00bb button_one_border_radius=\u00bb100px\u00bb button_one_font=\u00bbSource Sans Pro||||||||\u00bb global_colors_info=\u00bb{}\u00bb][\/et_pb_fullwidth_header][\/et_pb_section]<\/p>\n","protected":false},"excerpt":{"rendered":"<p>Asesoramiento Legal y Agron\u00f3micoM\u00e1s de 20 a\u00f1os de experiencia en el asesoramiento, mejora y consultor\u00eda t\u00e9cnica en cultivos de alto rendimientoAsesoramiento Legal y Agron\u00f3micoM\u00e1s de 20 a\u00f1os de experiencia en el asesoramiento, mejora y consultor\u00eda t\u00e9cnica en cultivos de alto rendimientoASESORAMIENTO LEGALPARA CUMPLIR CON LA NORMATIVAASESORAMIENTO LEGALPARA CUMPLIR CON LA NORMATIVAAsesoramiento LegalEn nuestra b\u00fasqueda de [&hellip;]<\/p>\n","protected":false},"author":8,"featured_media":0,"parent":0,"menu_order":0,"comment_status":"closed","ping_status":"closed","template":"","meta":{"_et_pb_use_builder":"on","_et_pb_old_content":"","_et_gb_content_width":"","footnotes":""},"class_list":["post-3612","page","type-page","status-publish","hentry"],"_links":{"self":[{"href":"https:\/\/agropharm.com\/es\/wp-json\/wp\/v2\/pages\/3612","targetHints":{"allow":["GET"]}}],"collection":[{"href":"https:\/\/agropharm.com\/es\/wp-json\/wp\/v2\/pages"}],"about":[{"href":"https:\/\/agropharm.com\/es\/wp-json\/wp\/v2\/types\/page"}],"author":[{"embeddable":true,"href":"https:\/\/agropharm.com\/es\/wp-json\/wp\/v2\/users\/8"}],"replies":[{"embeddable":true,"href":"https:\/\/agropharm.com\/es\/wp-json\/wp\/v2\/comments?post=3612"}],"version-history":[{"count":3,"href":"https:\/\/agropharm.com\/es\/wp-json\/wp\/v2\/pages\/3612\/revisions"}],"predecessor-version":[{"id":3615,"href":"https:\/\/agropharm.com\/es\/wp-json\/wp\/v2\/pages\/3612\/revisions\/3615"}],"wp:attachment":[{"href":"https:\/\/agropharm.com\/es\/wp-json\/wp\/v2\/media?parent=3612"}],"curies":[{"name":"wp","href":"https:\/\/api.w.org\/{rel}","templated":true}]}}