{"id":1816,"date":"2023-11-09T17:47:21","date_gmt":"2023-11-09T16:47:21","guid":{"rendered":"https:\/\/agropharm.com\/?page_id=1816"},"modified":"2024-12-12T09:24:21","modified_gmt":"2024-12-12T08:24:21","slug":"nosotros","status":"publish","type":"page","link":"https:\/\/agropharm.com\/es\/nosotros\/","title":{"rendered":"Nosotros"},"content":{"rendered":"<p>[et_pb_section fb_built=\u00bb1&#8243; _builder_version=\u00bb4.20.2&#8243; _module_preset=\u00bbdefault\u00bb global_colors_info=\u00bb{}\u00bb][\/et_pb_section][et_pb_section fb_built=\u00bb1&#8243; _builder_version=\u00bb4.20.2&#8243; _module_preset=\u00bbdefault\u00bb custom_padding=\u00bb155px||0px|||\u00bb global_colors_info=\u00bb{}\u00bb][et_pb_row column_structure=\u00bb1_2,1_2&#8243; _builder_version=\u00bb4.20.2&#8243; _module_preset=\u00bbdefault\u00bb custom_margin=\u00bb50px|auto||auto|false|false\u00bb custom_padding=\u00bb0px||||false|false\u00bb global_colors_info=\u00bb{}\u00bb][et_pb_column type=\u00bb1_2&#8243; _builder_version=\u00bb4.20.2&#8243; _module_preset=\u00bbdefault\u00bb global_colors_info=\u00bb{}\u00bb][et_pb_image src=\u00bbhttps:\/\/agropharm.com\/wp-content\/uploads\/2023\/09\/Nosotros_imagen_agropharm.png\u00bb title_text=\u00bbNosotros_imagen_agropharm\u00bb _builder_version=\u00bb4.20.2&#8243; _module_preset=\u00bbdefault\u00bb width=\u00bb100%\u00bb min_height=\u00bb211px\u00bb global_colors_info=\u00bb{}\u00bb][\/et_pb_image][\/et_pb_column][et_pb_column type=\u00bb1_2&#8243; _builder_version=\u00bb4.20.2&#8243; _module_preset=\u00bbdefault\u00bb global_colors_info=\u00bb{}\u00bb][et_pb_text _builder_version=\u00bb4.20.2&#8243; _module_preset=\u00bbdefault\u00bb text_font=\u00bbSource Sans Pro|900|||||||\u00bb text_text_color=\u00bb#000000&#8243; text_font_size=\u00bb32px\u00bb global_colors_info=\u00bb{}\u00bb]<\/p>\n<p>Nosotros<\/p>\n<p>[\/et_pb_text][et_pb_text _builder_version=\u00bb4.20.2&#8243; _module_preset=\u00bbdefault\u00bb text_font=\u00bbSource Sans Pro||||||||\u00bb text_font_size=\u00bb20px\u00bb text_orientation=\u00bbjustified\u00bb global_colors_info=\u00bb{}\u00bb]<\/p>\n<p>Somos una asociaci\u00f3n de empresas cualificadas que ofrece el mejor asesoramiento y consultor\u00eda t\u00e9cnica para cannabis con fines farmac\u00e9uticos. Agropharm nace de la suma de las experiencias de un grupo humano que trabaja por y para el dise\u00f1o e integraci\u00f3n de equipos, productos y soluciones tecnol\u00f3gicas para proyectos de salas indoor, outdoor e invernaderos para el cultivo de cannabis medicinal.<\/p>\n<p>[\/et_pb_text][\/et_pb_column][\/et_pb_row][et_pb_row column_structure=\u00bb1_3,1_3,1_3&#8243; use_custom_gutter=\u00bbon\u00bb gutter_width=\u00bb1&#8243; make_equal=\u00bbon\u00bb _builder_version=\u00bb4.20.2&#8243; _module_preset=\u00bbdefault\u00bb width=\u00bb100%\u00bb max_width=\u00bb2368px\u00bb module_alignment=\u00bbcenter\u00bb min_height=\u00bb126px\u00bb custom_margin=\u00bb116px|auto|0px|auto|false|false\u00bb custom_padding=\u00bb0px||18px||false|false\u00bb global_colors_info=\u00bb{}\u00bb][et_pb_column type=\u00bb1_3&#8243; _builder_version=\u00bb4.20.2&#8243; _module_preset=\u00bbdefault\u00bb global_colors_info=\u00bb{}\u00bb][et_pb_slider _builder_version=\u00bb4.20.2&#8243; _module_preset=\u00bbdefault\u00bb min_height=\u00bb426.7px\u00bb height=\u00bb428px\u00bb global_colors_info=\u00bb{}\u00bb][et_pb_slide heading=\u00bbMisi\u00f3n\u00bb _builder_version=\u00bb4.20.2&#8243; _module_preset=\u00bbdefault\u00bb header_font=\u00bbSource Sans Pro||||||||\u00bb header_font_size=\u00bb50px\u00bb body_font=\u00bbSource Sans Pro||||||||\u00bb body_font_size=\u00bb18px\u00bb background_color=\u00bb#ededed\u00bb background_enable_color=\u00bbon\u00bb background_image=\u00bbhttps:\/\/agropharm.com\/wp-content\/uploads\/2023\/09\/2.png\u00bb background_enable_image=\u00bbon\u00bb background_blend=\u00bbmultiply\u00bb global_colors_info=\u00bb{}\u00bb sticky_transition=\u00bbon\u00bb]<\/p>\n<p>Dise\u00f1ar y gestionar la integraci\u00f3n de equipos, productos y soluciones tecnol\u00f3gicas para proyectos de cultivo de cannabis medicinal en invernaderos, salas indoor y cultivo exterior para conseguir la viabilidad y rentabilidad del proyecto.<\/p>\n<p>[\/et_pb_slide][\/et_pb_slider][\/et_pb_column][et_pb_column type=\u00bb1_3&#8243; _builder_version=\u00bb4.20.2&#8243; _module_preset=\u00bbdefault\u00bb global_colors_info=\u00bb{}\u00bb][et_pb_slider use_bg_overlay=\u00bboff\u00bb use_text_overlay=\u00bboff\u00bb _builder_version=\u00bb4.20.2&#8243; _module_preset=\u00bbdefault\u00bb background_enable_color=\u00bboff\u00bb background_enable_image=\u00bboff\u00bb min_height=\u00bb427.9px\u00bb custom_margin=\u00bb||0px||false|false\u00bb custom_padding=\u00bb89px||166px|||\u00bb global_colors_info=\u00bb{}\u00bb][et_pb_slide heading=\u00bbVisi\u00f3n\u00bb _builder_version=\u00bb4.20.2&#8243; _module_preset=\u00bbdefault\u00bb header_font=\u00bbSource Sans Pro||||||||\u00bb header_font_size=\u00bb50px\u00bb body_text_align=\u00bbcenter\u00bb body_font_size=\u00bb18px\u00bb background_color=\u00bb#adadad\u00bb background_enable_color=\u00bbon\u00bb background_image=\u00bbhttps:\/\/agropharm.com\/wp-content\/uploads\/2023\/09\/1.png\u00bb background_enable_image=\u00bbon\u00bb background_blend=\u00bbmultiply\u00bb custom_padding=\u00bb||129px||false|false\u00bb global_colors_info=\u00bb{}\u00bb sticky_transition=\u00bbon\u00bb]<\/p>\n<p>Aportar nuestra experiencia para impulsar el cultivo legal del cannabis y su utilizaci\u00f3n como planta de uso medicinal y cosm\u00e9tico.<\/p>\n<p>&nbsp;<\/p>\n<p>[\/et_pb_slide][\/et_pb_slider][\/et_pb_column][et_pb_column type=\u00bb1_3&#8243; _builder_version=\u00bb4.20.2&#8243; _module_preset=\u00bbdefault\u00bb global_colors_info=\u00bb{}\u00bb][et_pb_slider _builder_version=\u00bb4.20.2&#8243; _module_preset=\u00bbdefault\u00bb min_height=\u00bb91px\u00bb height=\u00bb428px\u00bb custom_margin=\u00bb0px||||false|false\u00bb global_colors_info=\u00bb{}\u00bb][et_pb_slide heading=\u00bbValores\u00bb _builder_version=\u00bb4.20.2&#8243; _module_preset=\u00bbdefault\u00bb header_font=\u00bbSource Sans Pro||||||||\u00bb header_font_size=\u00bb50px\u00bb body_font=\u00bbSource Sans Pro||||||||\u00bb body_font_size=\u00bb18px\u00bb background_color=\u00bb#777777&#8243; background_enable_color=\u00bbon\u00bb background_image=\u00bbhttps:\/\/agropharm.com\/wp-content\/uploads\/2023\/09\/3.png\u00bb background_enable_image=\u00bbon\u00bb background_blend=\u00bbmultiply\u00bb custom_padding=\u00bb104px||||false|false\u00bb global_colors_info=\u00bb{}\u00bb sticky_transition=\u00bbon\u00bb]<\/p>\n<p>Flexibilidad<br \/>Honestidad<br \/>Compromiso<br \/>Agilidad<\/p>\n<p>&nbsp;<\/p>\n<p>[\/et_pb_slide][\/et_pb_slider][\/et_pb_column][\/et_pb_row][et_pb_row _builder_version=\u00bb4.20.2&#8243; _module_preset=\u00bbdefault\u00bb custom_margin=\u00bb||49px||false|false\u00bb global_colors_info=\u00bb{}\u00bb][et_pb_column type=\u00bb4_4&#8243; _builder_version=\u00bb4.20.2&#8243; _module_preset=\u00bbdefault\u00bb global_colors_info=\u00bb{}\u00bb][et_pb_text _builder_version=\u00bb4.20.2&#8243; _module_preset=\u00bbdefault\u00bb text_font=\u00bbSource Sans Pro|300|||||||\u00bb text_font_size=\u00bb37px\u00bb global_colors_info=\u00bb{}\u00bb]<\/p>\n<p style=\"text-align: center;\">Sigue todas las novedades de Agropharm en <a href=\"https:\/\/es.linkedin.com\/company\/agropharm-projects\" target=\"_blank\" rel=\"noopener\"><strong>LinkedIn<\/strong><\/a><\/p>\n<p>[\/et_pb_text][\/et_pb_column][\/et_pb_row][\/et_pb_section][et_pb_section fb_built=\u00bb1&#8243; disabled_on=\u00bbon|off|off\u00bb _builder_version=\u00bb4.20.2&#8243; _module_preset=\u00bbdefault\u00bb background_color=\u00bb#4a9462&#8243; custom_margin=\u00bb0px||||false|false\u00bb custom_padding=\u00bb0px||||false|false\u00bb global_module=\u00bb588&#8243; global_colors_info=\u00bb{}\u00bb][et_pb_row _builder_version=\u00bb4.19.4&#8243; _module_preset=\u00bbdefault\u00bb global_colors_info=\u00bb{}\u00bb][et_pb_column type=\u00bb4_4&#8243; _builder_version=\u00bb4.19.4&#8243; _module_preset=\u00bbdefault\u00bb global_colors_info=\u00bb{}\u00bb][et_pb_text _builder_version=\u00bb4.20.2&#8243; _module_preset=\u00bbdefault\u00bb text_font=\u00bbSource Sans Pro|200|||||||\u00bb text_text_color=\u00bb#FFFFFF\u00bb text_font_size=\u00bb32px\u00bb text_line_height=\u00bb1.8em\u00bb header_2_font=\u00bb|800|||||||\u00bb header_2_text_color=\u00bb#aad922&#8243; header_2_font_size=\u00bb40px\u00bb custom_padding=\u00bb30px||30px||true|false\u00bb global_colors_info=\u00bb{}\u00bb]<\/p>\n<p style=\"text-align: center;\">Agropharm prosperando por todo el mundo<\/p>\n<p>[\/et_pb_text][\/et_pb_column][\/et_pb_row][et_pb_row column_structure=\u00bb1_4,1_4,1_4,1_4&#8243; _builder_version=\u00bb4.20.2&#8243; _module_preset=\u00bbdefault\u00bb width=\u00bb43%\u00bb max_width=\u00bb1517px\u00bb min_height=\u00bb100px\u00bb height=\u00bb341px\u00bb max_height=\u00bb890px\u00bb custom_margin=\u00bb-7px||||false|false\u00bb global_colors_info=\u00bb{}\u00bb][et_pb_column type=\u00bb1_4&#8243; _builder_version=\u00bb4.20.2&#8243; _module_preset=\u00bbdefault\u00bb global_colors_info=\u00bb{}\u00bb][et_pb_circle_counter title=\u00bbProyectos realizados\u00bb number=\u00bb5&#8243; percent_sign=\u00bboff\u00bb _builder_version=\u00bb4.20.2&#8243; _module_preset=\u00bbdefault\u00bb title_font=\u00bbSource Sans Pro||||||||\u00bb title_text_color=\u00bb#FFFFFF\u00bb title_font_size=\u00bb19px\u00bb number_font=\u00bbSource Sans Pro||||||||\u00bb number_text_color=\u00bb#FFFFFF\u00bb number_font_size=\u00bb83px\u00bb global_colors_info=\u00bb{}\u00bb][\/et_pb_circle_counter][\/et_pb_column][et_pb_column type=\u00bb1_4&#8243; _builder_version=\u00bb4.20.2&#8243; _module_preset=\u00bbdefault\u00bb global_colors_info=\u00bb{}\u00bb][et_pb_circle_counter title=\u00bbConsultor\u00edas en proyectos\u00bb number=\u00bb94&#8243; percent_sign=\u00bboff\u00bb _builder_version=\u00bb4.20.2&#8243; _module_preset=\u00bbdefault\u00bb title_font=\u00bbSource Sans Pro||||||||\u00bb title_text_color=\u00bb#FFFFFF\u00bb title_font_size=\u00bb19px\u00bb number_font=\u00bbSource Sans Pro||||||||\u00bb number_text_color=\u00bb#FFFFFF\u00bb number_font_size=\u00bb78px\u00bb global_colors_info=\u00bb{}\u00bb][\/et_pb_circle_counter][\/et_pb_column][et_pb_column type=\u00bb1_4&#8243; _builder_version=\u00bb4.20.2&#8243; _module_preset=\u00bbdefault\u00bb global_colors_info=\u00bb{}\u00bb][et_pb_circle_counter title=\u00bbm\u00b2 Proyectos Indoor\u00bb number=\u00bb50000&#8243; percent_sign=\u00bboff\u00bb _builder_version=\u00bb4.20.2&#8243; _module_preset=\u00bbdefault\u00bb title_font=\u00bbSource Sans Pro||||||||\u00bb title_text_color=\u00bb#FFFFFF\u00bb title_font_size=\u00bb19px\u00bb number_font=\u00bbSource Sans Pro||||||||\u00bb number_text_color=\u00bb#FFFFFF\u00bb number_font_size=\u00bb52px\u00bb global_colors_info=\u00bb{}\u00bb][\/et_pb_circle_counter][\/et_pb_column][et_pb_column type=\u00bb1_4&#8243; _builder_version=\u00bb4.20.2&#8243; _module_preset=\u00bbdefault\u00bb global_colors_info=\u00bb{}\u00bb][et_pb_circle_counter title=\u00bbm\u00b2 Proyectos Invernadero\u00bb number=\u00bb320000&#8243; percent_sign=\u00bboff\u00bb _builder_version=\u00bb4.20.2&#8243; _module_preset=\u00bbdefault\u00bb title_font=\u00bbSource Sans Pro||||||||\u00bb title_text_color=\u00bb#FFFFFF\u00bb title_font_size=\u00bb19px\u00bb number_font=\u00bbSource Sans Pro||||||||\u00bb number_text_color=\u00bb#FFFFFF\u00bb number_font_size=\u00bb52px\u00bb global_colors_info=\u00bb{}\u00bb][\/et_pb_circle_counter][\/et_pb_column][\/et_pb_row][\/et_pb_section][et_pb_section fb_built=\u00bb1&#8243; _builder_version=\u00bb4.20.2&#8243; _module_preset=\u00bbdefault\u00bb background_image=\u00bbhttps:\/\/agropharm.com\/wp-content\/uploads\/2023\/01\/mapa-1.png\u00bb background_position=\u00bbtop_center\u00bb custom_margin=\u00bb-74px|||||\u00bb custom_padding=\u00bb67px||3px|||\u00bb global_colors_info=\u00bb{}\u00bb][et_pb_row _builder_version=\u00bb4.20.2&#8243; _module_preset=\u00bbdefault\u00bb custom_padding=\u00bb||130px|||\u00bb global_colors_info=\u00bb{}\u00bb][et_pb_column type=\u00bb4_4&#8243; _builder_version=\u00bb4.19.4&#8243; _module_preset=\u00bbdefault\u00bb global_colors_info=\u00bb{}\u00bb][et_pb_text _builder_version=\u00bb4.20.2&#8243; _module_preset=\u00bbdefault\u00bb text_font=\u00bbSource Sans Pro||||||||\u00bb text_font_size=\u00bb24px\u00bb header_font=\u00bbSource Sans Pro|300|||||||\u00bb header_text_align=\u00bbcenter\u00bb header_2_font=\u00bbSource Sans Pro|300|||||||\u00bb header_2_text_align=\u00bbleft\u00bb header_2_text_color=\u00bb#4a9b60&#8243; header_2_font_size=\u00bb50px\u00bb custom_margin=\u00bb||1px|||\u00bb global_colors_info=\u00bb{}\u00bb]<\/p>\n<h2>Eventos a los que hemos asistido<\/h2>\n<p align=\"left\"><strong><\/strong><\/p>\n<p align=\"left\"><strong><\/strong><\/p>\n<p align=\"left\"><strong>2019<\/strong><\/p>\n<p align=\"left\">\u2794 Spannabis, Barcelona.<\/p>\n<p align=\"left\">\u2794 Portugal Medical Cannabis (PTMC), Porto.<\/p>\n<p align=\"left\">\u2794 CannX, Lisbon.<\/p>\n<p align=\"left\">\u2794 GreenTech, Amsterdam.<\/p>\n<p>&nbsp;<\/p>\n<p align=\"left\"><strong>2022<\/strong><\/p>\n<p align=\"left\">\u2794 International Cannabis Business Conference (ICBC), Barcelona.<\/p>\n<p align=\"left\">\u2794 Spannabis, Barcelona.<\/p>\n<p align=\"left\">\u2794 CannX, Tel Aviv.<\/p>\n<p align=\"left\">\u2794 GreenTech, Amsterdam.<\/p>\n<p align=\"left\">\u2794 Legal Cannabis Coalition (LCC), Lisbon<\/p>\n<p align=\"left\">\u2794 Portugal Medical Cannabis (PTMC), Porto.<\/p>\n<p align=\"left\">\u2794 International Cannabis Business Conference (ICBC), Berlin.<\/p>\n<p align=\"left\">\u2794 Expopharm, Munich.<\/p>\n<p align=\"left\">\u2794 Fruit Attraction, Madrid.<\/p>\n<p align=\"left\">\u2794 FarmaForum, Madrid.<\/p>\n<p align=\"left\">\u2794 Feira de Inova\u00e7\u00e3o Agr\u00edcola do Fund\u00e3o, Fund\u00e3o.<\/p>\n<p align=\"left\">\n<p align=\"left\">\n<p align=\"left\"><strong>2023<\/strong><\/p>\n<p align=\"left\">\u2794 Cannabis Hub\u00a0&#8211; Cdays, Barcelona.<\/p>\n<p align=\"left\">\u2794 International Cannabis Business Conference (ICBC), Barcelona.<\/p>\n<p align=\"left\">\u2794 Spannabis, Barcelona.<\/p>\n<p align=\"left\">\u2794 Portugal Medical Cannabis (PTMC), Lisboa.<\/p>\n<p align=\"left\">\u2794 Cannabis Europa, Londres.<\/p>\n<p align=\"left\">\u2794 Semana Verde, Galicia.<\/p>\n<p align=\"left\"><span style=\"font-size: 24px;\">\u2794 Greentech, \u00c1msterdam.<\/span><\/p>\n<p align=\"left\"><span style=\"font-size: 24px;\">\u2794 International Cannabis Business Conference (ICBC), Berl\u00edn.<\/span><\/p>\n<p align=\"left\"><span style=\"font-size: 24px;\">\u2794 Farmaforum, Madrid.<\/span><\/p>\n<p align=\"left\"><span style=\"font-size: 24px;\">\u2794 Expopharm, D\u00fcsseldorf.<\/span><\/p>\n<p align=\"left\">\u2794 Feira de Inova\u00e7\u00e3o Agr\u00edcola do Fund\u00e3o, Fund\u00e3o.<\/p>\n<p>[\/et_pb_text][\/et_pb_column][\/et_pb_row][\/et_pb_section][et_pb_section fb_built=\u00bb1&#8243; disabled_on=\u00bbon|off|off\u00bb _builder_version=\u00bb4.20.2&#8243; _module_preset=\u00bbdefault\u00bb background_color=\u00bbRGBA(255,255,255,0)\u00bb min_height=\u00bb215px\u00bb custom_margin=\u00bb||||false|false\u00bb custom_padding=\u00bb14px||4px||false|false\u00bb global_module=\u00bb596&#8243; global_colors_info=\u00bb{}\u00bb][\/et_pb_section][et_pb_section fb_built=\u00bb1&#8243; fullwidth=\u00bbon\u00bb _builder_version=\u00bb4.20.2&#8243; _module_preset=\u00bbdefault\u00bb custom_margin=\u00bb0px||||false|false\u00bb custom_padding=\u00bb0px||||false|false\u00bb global_colors_info=\u00bb{}\u00bb][et_pb_fullwidth_header title=\u00bbContacta ahora con nuestros t\u00e9cnicos\u00bb button_one_text=\u00bbContactar\u00bb _builder_version=\u00bb4.20.2&#8243; _module_preset=\u00bbdefault\u00bb title_font=\u00bbSource Sans Pro|300|||||||\u00bb title_text_align=\u00bbcenter\u00bb title_font_size=\u00bb37px\u00bb background_color=\u00bb#000000&#8243; custom_button_one=\u00bbon\u00bb button_one_text_size=\u00bb20px\u00bb button_one_bg_color=\u00bb#4a9462&#8243; button_one_border_width=\u00bb0px\u00bb button_one_border_radius=\u00bb100px\u00bb button_one_font=\u00bbSource Sans Pro||||||||\u00bb button_one_use_icon=\u00bboff\u00bb button_one_custom_margin=\u00bb|||533px|false|false\u00bb min_height=\u00bb281px\u00bb custom_margin=\u00bb0px||0px||false|false\u00bb custom_padding=\u00bb66px||0px||false|false\u00bb global_colors_info=\u00bb{}\u00bb][\/et_pb_fullwidth_header][\/et_pb_section]<\/p>\n","protected":false},"excerpt":{"rendered":"<p>NosotrosSomos una asociaci\u00f3n de empresas cualificadas que ofrece el mejor asesoramiento y consultor\u00eda t\u00e9cnica para cannabis con fines farmac\u00e9uticos. Agropharm nace de la suma de las experiencias de un grupo humano que trabaja por y para el dise\u00f1o e integraci\u00f3n de equipos, productos y soluciones tecnol\u00f3gicas para proyectos de salas indoor, outdoor e invernaderos para [&hellip;]<\/p>\n","protected":false},"author":2,"featured_media":0,"parent":0,"menu_order":0,"comment_status":"closed","ping_status":"closed","template":"","meta":{"_et_pb_use_builder":"on","_et_pb_old_content":"","_et_gb_content_width":"","footnotes":""},"class_list":["post-1816","page","type-page","status-publish","hentry"],"_links":{"self":[{"href":"https:\/\/agropharm.com\/es\/wp-json\/wp\/v2\/pages\/1816","targetHints":{"allow":["GET"]}}],"collection":[{"href":"https:\/\/agropharm.com\/es\/wp-json\/wp\/v2\/pages"}],"about":[{"href":"https:\/\/agropharm.com\/es\/wp-json\/wp\/v2\/types\/page"}],"author":[{"embeddable":true,"href":"https:\/\/agropharm.com\/es\/wp-json\/wp\/v2\/users\/2"}],"replies":[{"embeddable":true,"href":"https:\/\/agropharm.com\/es\/wp-json\/wp\/v2\/comments?post=1816"}],"version-history":[{"count":45,"href":"https:\/\/agropharm.com\/es\/wp-json\/wp\/v2\/pages\/1816\/revisions"}],"predecessor-version":[{"id":3017,"href":"https:\/\/agropharm.com\/es\/wp-json\/wp\/v2\/pages\/1816\/revisions\/3017"}],"wp:attachment":[{"href":"https:\/\/agropharm.com\/es\/wp-json\/wp\/v2\/media?parent=1816"}],"curies":[{"name":"wp","href":"https:\/\/api.w.org\/{rel}","templated":true}]}}