{"id":1001,"date":"2023-01-19T15:19:46","date_gmt":"2023-01-19T14:19:46","guid":{"rendered":"https:\/\/jgil.me\/?page_id=1001"},"modified":"2023-01-28T17:42:21","modified_gmt":"2023-01-28T16:42:21","slug":"politica-de-privacidad","status":"publish","type":"page","link":"https:\/\/agropharm.com\/es\/politica-de-privacidad\/","title":{"rendered":"Pol\u00edtica de privacidad"},"content":{"rendered":"<p><strong>Identificaci\u00f3n del responsable<\/strong><br \/>\nAgropharm Projects S.L. como propietaria de la marca Agropharm\u00ae, informa a los usuarios de su sitio web\u00a0<a href=\"https:\/\/agropharm.com\/\">agropharm.com<\/a>\u00a0que en el uso de su web se recogen y tratan los siguientes datos personales:<\/p>\n<p><strong>1. Datos personales que tratamos<\/strong><br \/>\nNosotros tratamos los datos personales que usted nos proporciona, as\u00ed como otros datos generados en el contexto de su actividad en nuestra web, como las operaciones que realice, siempre que dicha recogida se encuentre permitida por la Ley.<br \/>\nTenga en cuenta que la informaci\u00f3n se\u00f1alada como obligatoria es imprescindible para poder finalizar el pedido, cobrarle y enviarle el producto, seg\u00fan el m\u00e9todo de entrega seleccionado por lo que, de no facilitarla, no ser\u00e1 posible tramitar su pedido por nuestra parte.<\/p>\n<p><strong>(a) Informaci\u00f3n que usted nos proporciona<\/strong><br \/>\nNosotros podremos tratar las siguientes categor\u00edas de datos personales proporcionadas por usted al completar el formulario necesario para la compra online:<br \/>\nDatos de car\u00e1cter identificativo: como nombre, apellidos, sexo, NIF\/DNI, tel\u00e9fono, correo electr\u00f3nico, direcci\u00f3n postal.<br \/>\nDatos bancarios: Datos de la tarjeta con que se efect\u00faa el pago del pedido realizado, de la cuenta en la que se practican los cargos o domiciliaciones, etc.<br \/>\nDatos relativos a la navegaci\u00f3n: Como informaci\u00f3n recabada a trav\u00e9s de cookies.<\/p>\n<p><strong>(b) Otra informaci\u00f3n sobre usted<\/strong><br \/>\nFinalmente, tambi\u00e9n podremos recabar los datos a partir del uso que usted efect\u00fae del Portal como son las transacciones realizadas, navegaci\u00f3n por la web as\u00ed como cuando se ponga en contacto con nosotros a trav\u00e9s del servicio de Atenci\u00f3n al Cliente.<\/p>\n<p><strong>2. \u00bfC\u00f3mo y con qu\u00e9 base tratamos sus datos personales?<\/strong><br \/>\nSus datos personales ser\u00e1n tratados para las finalidades y con las bases legitimadoras que se indican a continuaci\u00f3n:<\/p>\n<ul>\n<li>Para poder gestionar su solicitud de informaci\u00f3n y poder responder a sus dudas, quejas, sugerencias o preguntas en relaci\u00f3n con la naturaleza y servicios prestados por la empresa a trav\u00e9s de sus diferentes canales de comunicaci\u00f3n, todo ello con base en la aplicaci\u00f3n de medidas precontractuales disponibles en la siguiente URL\u00a0<a href=\"https:\/\/agropharm.com\/aviso-legal\">https:\/\/agropharm.com\/aviso-legal<\/a>.<\/li>\n<li>Para responder a sus dudas, quejas, sugerencias o preguntas, planteadas a trav\u00e9s de los distintos medios ofrecidos al respecto, en aquellos casos en los que usted no haya realizado un pedido previamente y hubiera prestado su consentimiento. La finalidad principal (gestionar una oferta de servicios) no estar\u00e1 supeditada a que preste su consentimiento para este tratamiento espec\u00edfico de sus datos personales.<\/li>\n<li>Con finalidades de prevenci\u00f3n de fraude, en caso de que advierta esta intencionalidad en el cliente.<\/li>\n<li>Asimismo, el tratamiento de sus datos personales persigue satisfacer el inter\u00e9s leg\u00edtimo que tiene Agropharm\u00ae en lograr la centralizaci\u00f3n de las operaciones de tratamiento de los clientes (servicios de atenci\u00f3n al cliente, respuesta a dudas, sugerencias y preguntas, etc.) con el fin de ofrecerle un mejor servicio y m\u00e1s personalizado.<\/li>\n<li>Tratar y comunicar los datos en el marco de acciones y actos preparatorios y de revisi\u00f3n, previos a operaciones mercantiles de cualquier naturaleza, a t\u00edtulo enunciativo y no limitativo fusi\u00f3n, escisi\u00f3n, cesi\u00f3n global de activos y pasivos, aportaci\u00f3n o transmisi\u00f3n de negocio o rama de actividad empresarial, o cualquier operaci\u00f3n de reestructuraci\u00f3n societaria de an\u00e1loga naturaleza, contemplada por la normativa mercantil; as\u00ed como en el marco de las referidas operaciones mercantiles.<\/li>\n<li>Finalmente, Agropharm\u00ae utiliza cookies en su web\u00a0<a href=\"https:\/\/agropharm.com\/\">agropharm.com<\/a>\u00a0para llevar a cabo este uso de las mismas, la marca se ampara su inter\u00e9s leg\u00edtimo en el correcto funcionamiento y operatividad del Portal. En la medida en que el uso de cookies por parte de la empresa implique un tratamiento de datos personales con finalidades distintas de las meramente operacionales o administrativas relacionadas con el funcionamiento del Portal, la marca se amparar\u00e1 en la base legitimadora del consentimiento (el cual se entender\u00e1 otorgado en caso de que d\u00e9 su consentimiento para el uso de cookies a trav\u00e9s del banner que se muestra al acceder a la web). Si desea m\u00e1s informaci\u00f3n acerca del uso de cookies en esta web, consulte nuestra\u00a0<a href=\"https:\/\/agropharm.com\/politicas-de-cookies\">Pol\u00edtica de cookies<\/a>.<\/li>\n<\/ul>\n<p><strong>3. Sus derechos<\/strong><\/p>\n<p>Usted tiene derecho a que Agropharm\u00ae le confirme si se est\u00e1n tratando o no sus datos personales y, en su caso, a solicitar el acceso a los datos personales y a determinada informaci\u00f3n sobre el tratamiento (fines, categor\u00edas de datos tratados y destinatarios, entre otros aspectos) (<strong>derecho de acceso<\/strong>).<br \/>\nAsimismo, tiene derecho a solicitar la rectificaci\u00f3n de los datos inexactos (<strong>derecho de rectificaci\u00f3n<\/strong>), as\u00ed como la supresi\u00f3n de los mismos cuando, entre otros motivos, \u00e9stos ya no sean necesarios para los fines para los que fueron recogidos (<strong>derecho de supresi\u00f3n<\/strong>). En determinadas circunstancias (por ejemplo, en caso de que el interesado impugne la exactitud de sus datos, mientras se verifica la exactitud de los mismos), usted podr\u00e1 solicitar que se limite el tratamiento de sus datos personales, siendo estos \u00fanicamente tratados para el ejercicio o la defensa de reclamaciones (<strong>derecho a la limitaci\u00f3n del tratamiento<\/strong>).<br \/>\nPor \u00faltimo, Usted tiene la posibilidad de ejercer su derecho a la portabilidad de los datos, es decir, a recibir los datos personales en un formato estructurado, de uso com\u00fan y lectura mec\u00e1nica, y a transmitirlos a otro responsable del tratamiento sin que el responsable al que se los hubiera facilitado se lo impida, en los supuestos legalmente previstos a estos efectos (<strong>derecho a la portabilidad de los datos<\/strong>). Del mimo modo, en aquellos casos en que el tratamiento de sus datos est\u00e9 basado en su consentimiento, tendr\u00e1 derecho a retirar el consentimiento en cualquier momento, sin que ello afecte a la licitud del tratamiento previo a la retirada.<\/p>\n<p><strong>Usted tiene derecho a oponerse al tratamiento de sus datos, en cualquier momento, por motivos relacionados con su situaci\u00f3n particular, cuando el mismo se base en el inter\u00e9s leg\u00edtimo de Agropharm\u00ae o de un tercero y, en particular, cuando tenga por objeto la realizaci\u00f3n de acciones de marketing directo. En este caso, nuestra empresa pondr\u00e1 fin a dicho tratamiento, salvo acreditaci\u00f3n de motivos leg\u00edtimos para continuar con el mismo.<\/strong><\/p>\n<p>No debe olvidar que Usted tiene derecho a presentar una reclamaci\u00f3n ante la Agencia Espa\u00f1ola de Protecci\u00f3n de Datos, especialmente cuando no haya recibido satisfacci\u00f3n en el ejercicio de sus derechos.<\/p>\n<p><strong>4. Destinatarios de sus datos personales<\/strong><br \/>\nNuestra empresa podr\u00e1 compartir sus datos personales con terceros en las siguientes circunstancias:<\/p>\n<ul>\n<li>En caso de impagos o de que se detecten operaciones sospechosas por parte del Cliente, la empresa propietaria de Agropharm\u00ae podr\u00e1 ceder sus datos personales a las Autoridades y servicios legales externos de la empresa.<\/li>\n<li>A las siguientes categor\u00edas de prestadores de servicios que Agropharm\u00ae requiere para poder gestionar los pedidos de Clientes: prestadores de servicios de autenticaci\u00f3n y gesti\u00f3n de accesos, marketing (incluyendo marketing en la nube), anal\u00edtica Web, procesamiento de pagos, digitalizaci\u00f3n y borrado de la informaci\u00f3n y reparto a domicilio.<\/li>\n<\/ul>\n<p><strong>5. Conservaci\u00f3n de su datos personales<\/strong><br \/>\nConservaremos sus datos personales durante los 24 meses posteriores a la entrega de su pedido, por si usted solicita determinada informaci\u00f3n que pueda requerir el acceso a los datos personales tratados en el contexto de su pedido. Una vez finalizado dicho plazo, sus datos personales ser\u00e1n debidamente cancelados, es decir, bloqueados durante el plazo de prescripci\u00f3n de las responsabilidades nacidas del tratamiento y finalmente borrados.<\/p>\n<p><strong>6. Servidores y Transferencias Internacionales de datos<\/strong><br \/>\nLa empresa propietaria de la marca Agropharm\u00ae almacenar\u00e1 y tratar\u00e1 los datos personales del cliente en servidores inform\u00e1ticos ubicados en Espa\u00f1a, gozando de la protecci\u00f3n de las cl\u00e1usulas tipo adoptadas por la Comisi\u00f3n Europea y por la Agencia Espa\u00f1ola de Protecci\u00f3n de Datos.<br \/>\nAsimismo, algunos de los terceros proveedores a los que cederemos los identificadores de sus cookies (s\u00f3lo si antes se ha dado consentimiento para ello) pueden estar ubicados en pa\u00edses que no ofrecen un mismo nivel de protecci\u00f3n en materia de datos personales equiparable al de Espa\u00f1a. En esos dos casos, informamos que se adoptaran las garant\u00edas adecuadas con la finalidad de que los datos personales se encuentren, en todo momento, adecuadamente salvaguardados con independencia del pa\u00eds de que se trate. Para ello nos aseguraremos de que la entidad receptora de los datos se ha adherido al esquema de Escudo de Privacidad (Privacy Shield) acordado entre la Comisi\u00f3n Europea y el Gobierno de Estados Unidos; y\/o ha suscrito las cl\u00e1usulas tipo adoptadas por la Comisi\u00f3n Europea y\/o ha adoptado normas corporativas vinculantes y\/o a trav\u00e9s de cualquier otro mecanismo admitido, y\/o, en su caso, se proceder\u00e1 a obtener la correspondiente autorizaci\u00f3n del Director de la Agencia Espa\u00f1ola de Protecci\u00f3n de Datos.<\/p>\n<p><strong>7. Delegado de protecci\u00f3n de datos<\/strong><br \/>\nSi lo desea, puede ponerse en contacto con nuestro delegado de protecci\u00f3n de datos en la siguiente direcci\u00f3n: Delegado de Protecci\u00f3n de Datos de Agropharm\u00ae, C\/ Los Alfareros, 70, 14540, La Rambla, C\u00f3rdoba, Espa\u00f1a o en la direcci\u00f3n\u00a0<a href=\"mailto:info@agropharm.com\">info@agropharm.com<\/a>.<\/p>\n","protected":false},"excerpt":{"rendered":"<p>Identificaci\u00f3n del responsable Agropharm Projects S.L. como propietaria de la marca Agropharm\u00ae, informa a los usuarios de su sitio web\u00a0agropharm.com\u00a0que en el uso de su web se recogen y tratan los siguientes datos personales: 1. Datos personales que tratamos Nosotros tratamos los datos personales que usted nos proporciona, as\u00ed como otros datos generados en el [&hellip;]<\/p>\n","protected":false},"author":3,"featured_media":0,"parent":0,"menu_order":0,"comment_status":"closed","ping_status":"open","template":"","meta":{"_et_pb_use_builder":"","_et_pb_old_content":"","_et_gb_content_width":"","footnotes":""},"class_list":["post-1001","page","type-page","status-publish","hentry"],"_links":{"self":[{"href":"https:\/\/agropharm.com\/es\/wp-json\/wp\/v2\/pages\/1001","targetHints":{"allow":["GET"]}}],"collection":[{"href":"https:\/\/agropharm.com\/es\/wp-json\/wp\/v2\/pages"}],"about":[{"href":"https:\/\/agropharm.com\/es\/wp-json\/wp\/v2\/types\/page"}],"author":[{"embeddable":true,"href":"https:\/\/agropharm.com\/es\/wp-json\/wp\/v2\/users\/3"}],"replies":[{"embeddable":true,"href":"https:\/\/agropharm.com\/es\/wp-json\/wp\/v2\/comments?post=1001"}],"version-history":[{"count":2,"href":"https:\/\/agropharm.com\/es\/wp-json\/wp\/v2\/pages\/1001\/revisions"}],"predecessor-version":[{"id":1073,"href":"https:\/\/agropharm.com\/es\/wp-json\/wp\/v2\/pages\/1001\/revisions\/1073"}],"wp:attachment":[{"href":"https:\/\/agropharm.com\/es\/wp-json\/wp\/v2\/media?parent=1001"}],"curies":[{"name":"wp","href":"https:\/\/api.w.org\/{rel}","templated":true}]}}